{"id":1648,"date":"2025-03-04T17:09:24","date_gmt":"2025-03-04T16:09:24","guid":{"rendered":"https:\/\/pro.grupoacre.com\/?page_id=1648"},"modified":"2026-02-03T12:52:06","modified_gmt":"2026-02-03T11:52:06","slug":"alianzas","status":"publish","type":"page","link":"https:\/\/grupoacre.com\/pt\/alianzas\/","title":{"rendered":"Alianzas"},"content":{"rendered":"<!--- Brands Cards Block --->\n<section id=\"brand_cards-block_b3d12f020f8dfc45a458ad132fe0183e\" class=\"section block_brands_cards background-grey alignment_ layout_  \">\n\t<div class=\"container\">\n\t\t\t\t\t<div class=\"\">\n\t\t\t\t<h2 class=\"text-center\">Cl\u00fasters<\/h2>\n\t\t\t<\/div>\n\t\t\t\t<div class=\"row card_content justify-content-center\">\n\t\t\t\t\t\t\t\t\t\t\t\t<div class=\"col brand_col\">\n\t\t\t\t\t<div class=\"brand-card background-white linked-card\">\n\t\t\t\t\t\t\t\t\t\t\t<a target=\"_blank\" href=\"https:\/\/www.railwayinnovationhub.com\/\" aria-label=\"Visitar sitio de \" rel=\"noopener\">\n\t\t\t\t\t\t\t<img decoding=\"async\" class=\"logo \" alt=\"\" src=\"https:\/\/acre.fra1.cdn.digitaloceanspaces.com\/wp-content\/uploads\/sites\/2\/2025\/05\/26093955\/logo-rail-innovation-hub-900x500.jpg\">\n\t\t\t\t\t\t<\/a>\n\t\t\t\t\t\t\t\t\t\t<\/div>\n\t\t\t\t<\/div>\t\n\t\t\t\t\t\t\n\t\t\t\t\t\t\t\t\t\t<div class=\"col brand_col\">\n\t\t\t\t\t<div class=\"brand-card background-white linked-card\">\n\t\t\t\t\t\t\t\t\t\t\t<a target=\"_blank\" href=\"https:\/\/camaratoledo.com\/\" aria-label=\"Visitar sitio de \" rel=\"noopener\">\n\t\t\t\t\t\t\t<img decoding=\"async\" class=\"logo \" alt=\"\" src=\"https:\/\/acre.fra1.cdn.digitaloceanspaces.com\/wp-content\/uploads\/sites\/2\/2025\/05\/26094314\/logo-camara-toledo.svg\">\n\t\t\t\t\t\t<\/a>\n\t\t\t\t\t\t\t\t\t\t<\/div>\n\t\t\t\t<\/div>\t\n\t\t\t\t\t\t\n\t\t\t\t\t\t\t\t\t\t<div class=\"col brand_col\">\n\t\t\t\t\t<div class=\"brand-card background-white linked-card\">\n\t\t\t\t\t\t\t\t\t\t\t<a target=\"_blank\" href=\"https:\/\/www.coigt.com\/\" aria-label=\"Visitar sitio de \" rel=\"noopener\">\n\t\t\t\t\t\t\t<img decoding=\"async\" class=\"logo \" alt=\"\" src=\"https:\/\/acre.fra1.cdn.digitaloceanspaces.com\/wp-content\/uploads\/sites\/2\/2025\/05\/26095146\/cigt.png\">\n\t\t\t\t\t\t<\/a>\n\t\t\t\t\t\t\t\t\t\t<\/div>\n\t\t\t\t<\/div>\t\n\t\t\t\t\t\t\n\t\t\t\t\t\t\t<\/div>\n\t<\/div>\n<\/section>\n\n\n\n\n<!--- Brands Cards Block --->\n<section id=\"brand_cards-block_2c219837f4357f466377c169ba144130\" class=\"section block_brands_cards background-grey alignment_ layout_  \">\n\t<div class=\"container\">\n\t\t\t\t\t<div class=\"\">\n\t\t\t\t<h2 class=\"text-center\">Universidades<\/h2>\n\t\t\t<\/div>\n\t\t\t\t<div class=\"row card_content justify-content-center\">\n\t\t\t\t\t\t\t\t\t\t\t\t<div class=\"col brand_col\">\n\t\t\t\t\t<div class=\"brand-card background-white linked-card\">\n\t\t\t\t\t\t\t\t\t\t\t<a target=\"_blank\" href=\"https:\/\/grupoacre.es\/acre-y-la-universidad-politecnica-de-madrid-impulsan-el-futuro-de-la-ingenieria-geomatica-con-la-catedra-acre-upm\/\" aria-label=\"Visitar sitio de \" rel=\"noopener\">\n\t\t\t\t\t\t\t<img decoding=\"async\" class=\"logo \" alt=\"\" src=\"https:\/\/acre.fra1.cdn.digitaloceanspaces.com\/wp-content\/uploads\/sites\/2\/2025\/05\/26094745\/institucional.png\">\n\t\t\t\t\t\t<\/a>\n\t\t\t\t\t\t\t\t\t\t<\/div>\n\t\t\t\t<\/div>\t\n\t\t\t\t\t\t\n\t\t\t\t\t\t\t\t\t\t<div class=\"col brand_col\">\n\t\t\t\t\t<div class=\"brand-card background-white linked-card\">\n\t\t\t\t\t\t\t\t\t\t\t<a target=\"_blank\" href=\"https:\/\/utp.ac.pa\/\" aria-label=\"Visitar sitio de \" rel=\"noopener\">\n\t\t\t\t\t\t\t<img decoding=\"async\" class=\"logo \" alt=\"\" src=\"https:\/\/acre.fra1.cdn.digitaloceanspaces.com\/wp-content\/uploads\/sites\/2\/2025\/05\/26094841\/logo_utp.jpg\">\n\t\t\t\t\t\t<\/a>\n\t\t\t\t\t\t\t\t\t\t<\/div>\n\t\t\t\t<\/div>\t\n\t\t\t\t\t\t\n\t\t\t\t\t\t\t<\/div>\n\t<\/div>\n<\/section>\n\n\n\n\n\n<section id=\"block_cols_text_media-block_702d8392bce6d1406cac35ddaf56ce0c\" class=\"section block_cols_text_media  background-white  \">\n\t<div class=\"container\">\n\t\t<div class=\"row justify-content-center align-items-center  \" >\n            <div class=\"col-12 col-md-12 col-lg-6 col-xl-6\">\n                <div class=\"content\">\n\t\t\t\t\t\t\t\t\t\t\t<h2 class=\"h3\">Descubre el futuro geoespacial<\/h2>\n\t\t\t\t\t\t\t\t\t\t\t\t\t\t\t\t<p class=\"h6\">Alianza para la formaci\u00f3n, investigaci\u00f3n y tecnolog\u00eda geoespacial con drones<\/p>\n\t\t\t\t\t                    \t\t\t\t\t\t<p>Conoce c\u00f3mo la <strong>C\u00e1tedra ACRE-UPM<\/strong> lidera la formaci\u00f3n e investigaci\u00f3n en geom\u00e1tica con drones. Aprende m\u00e1s sobre nuestra visi\u00f3n &#8220;Mapping the future.<\/p>\n\t\t\t\t\t\t\t\t\t\t\t\t\t\t\t\t<a class=\"btn-trt\" href=\"https:\/\/grupoacre.es\/acre-y-la-universidad-politecnica-de-madrid-impulsan-el-futuro-de-la-ingenieria-geomatica-con-la-catedra-acre-upm\/\" target=\"_blank\" rel=\"noopener\">Ver m\u00e1s<\/a>\n\t\t\t\t\t\n\t\t\t\t\t\n\n\n\n                <\/div>\n            <\/div>\n\t\t\t\t\t\t\t<div class=\"col-12 col-md-12 col-lg-6 col-xl-6\">\n\t\t\t\t\t\t\t\t\t\t<div class=\"responsive_image image_module\">\n\t\t\t\t\t\t\t<img decoding=\"async\" src=\"https:\/\/acre.fra1.cdn.digitaloceanspaces.com\/wp-content\/uploads\/sites\/2\/2026\/02\/03120741\/catedra-acre-upm-900x500.webp\" alt=\"C\u00e1tedra ACRE-UPM\" loading=\"lazy\">\n\t\t\t\t\t\t<\/div>\n\t\t\t\t\t            <\/div>\n\t\t\t\t\t<\/div>\n\t<\/div>\n<\/section>\n\n<script type=\"text\/javascript\">\n\t(function(id) {\n\t\tlet full_video = document.querySelector(\"#\" + id + \".block_cols_text_media .responsive_video\");\n\t\tlet playButton = document.querySelector(\"#\" + id + \" #block_cols_text_media_playButton\");\n\t\tlet overlay = document.querySelector(\"#\" + id + \" #block_cols_text_media_overlay\");\n\n\t\tif(full_video) {\n\t\t\tfull_video.pause();\n\t\t\tfull_video.controls = false;\n\n\t\t\tfunction togglePlayPause() {\n\t\t\t\tif (full_video.paused) {\n\t\t\t\t\tfull_video.play();\n\t\t\t\t\tfull_video.controls = true;\n\t\t\t\t\tplayButton.classList.add('hidden');\n\t\t\t\t} else {\n\t\t\t\t\tfull_video.pause();\n\t\t\t\t\tfull_video.controls = false;\n\t\t\t\t\tplayButton.classList.remove('hidden');\n\t\t\t\t}\n\t\t\t}\n\n\t\t\tplayButton.addEventListener('click', function (event) {\n\t\t\t\tevent.stopPropagation(); \n\t\t\t\ttogglePlayPause();\n\t\t\t});\n\n\t\t\toverlay.addEventListener('click', togglePlayPause);\n\t\t\tfull_video.addEventListener('click', togglePlayPause);\n\n\t\t\tfull_video.addEventListener('ended', function () {\n\t\t\t\tplayButton.classList.remove('hidden');\n\t\t\t\tfull_video.controls = false;\n\t\t\t});\n\t\t}\n\n\t})(\"block_cols_text_media-block_702d8392bce6d1406cac35ddaf56ce0c\");\n\n<\/script>\n\n\n\n\n\n\n<section id=\"block_full_bg_text-block_b57af897cf74c69beac9290dde3f3825\" class=\"block_full_bg_text section full_bg_text  background-white d-flex    no-top-padding \" >\n    \n\n        <div class=\"container  d-flex  text_white\">\n\n\n            <div class=\"card-container d-flex text-center align-items-center justify-content-center  background-blue\" >\n            \n\n\n        <div class=\"row  justify-content-center\">\n        <div class=\"col-12 col-md-12 col-lg-10 col-xl-8 col-xxl-8\">\n                        <h2>Distribuidores oficiales<\/h2>\n                                    <p>Como distribuidores oficiales de las principales marcas topogr\u00e1ficas a nivel internacional, en ACRE contamos con el respaldo de fabricantes l\u00edderes en innovaci\u00f3n y calidad. Esta colaboraci\u00f3n nos permite ofrecer soluciones fiables y de alto rendimiento, adaptadas a las necesidades de empresas de m\u00faltiples sectores, desde la construcci\u00f3n y la ingenier\u00eda civil hasta la miner\u00eda, la agricultura de precisi\u00f3n o la gesti\u00f3n de infraestructuras.<\/p>\n                            \n    \n        <\/div>\n            <\/div>\n        <\/div>\n\n    <\/div>\n<\/section>\n\n\n\n\n\n<!--- Brands Cards Block --->\n<section id=\"brand_cards-block_76dae00d5ec4751a375de602edbf9181\" class=\"section block_brands_cards background-white alignment_ layout_  \">\n\t<div class=\"container\">\n\t\t\t\t\t<div class=\"\">\n\t\t\t\t<h2 class=\"text-center\">Patrocinios deportivos<\/h2>\n\t\t\t<\/div>\n\t\t\t\t<div class=\"row card_content justify-content-center\">\n\t\t\t\t\t\t\t\t\t\t\t\t<div class=\"col brand_col\">\n\t\t\t\t\t<div class=\"brand-card background-grey linked-card\">\n\t\t\t\t\t\t\t\t\t\t\t<a target=\"_blank\" href=\"https:\/\/www.clubmonteverde.es\/natacion\/\" aria-label=\"Visitar sitio de \" rel=\"noopener\">\n\t\t\t\t\t\t\t<img decoding=\"async\" class=\"logo \" alt=\"\" src=\"https:\/\/acre.fra1.cdn.digitaloceanspaces.com\/wp-content\/uploads\/sites\/2\/2025\/05\/23091357\/mtv.png\">\n\t\t\t\t\t\t<\/a>\n\t\t\t\t\t\t\t\t\t\t<\/div>\n\t\t\t\t<\/div>\t\n\t\t\t\t\t\t\n\t\t\t\t\t\t\t<\/div>\n\t<\/div>\n<\/section>","protected":false},"excerpt":{"rendered":"","protected":false},"author":1,"featured_media":0,"parent":0,"menu_order":0,"comment_status":"closed","ping_status":"closed","template":"templates\/alliances.php","meta":{"_acf_changed":false,"om_disable_all_campaigns":false,"footnotes":""},"class_list":["post-1648","page","type-page","status-publish","hentry"],"acf":[],"_links":{"self":[{"href":"https:\/\/grupoacre.com\/pt\/wp-json\/wp\/v2\/pages\/1648","targetHints":{"allow":["GET"]}}],"collection":[{"href":"https:\/\/grupoacre.com\/pt\/wp-json\/wp\/v2\/pages"}],"about":[{"href":"https:\/\/grupoacre.com\/pt\/wp-json\/wp\/v2\/types\/page"}],"author":[{"embeddable":true,"href":"https:\/\/grupoacre.com\/pt\/wp-json\/wp\/v2\/users\/1"}],"replies":[{"embeddable":true,"href":"https:\/\/grupoacre.com\/pt\/wp-json\/wp\/v2\/comments?post=1648"}],"version-history":[{"count":48,"href":"https:\/\/grupoacre.com\/pt\/wp-json\/wp\/v2\/pages\/1648\/revisions"}],"predecessor-version":[{"id":2783,"href":"https:\/\/grupoacre.com\/pt\/wp-json\/wp\/v2\/pages\/1648\/revisions\/2783"}],"wp:attachment":[{"href":"https:\/\/grupoacre.com\/pt\/wp-json\/wp\/v2\/media?parent=1648"}],"curies":[{"name":"wp","href":"https:\/\/api.w.org\/{rel}","templated":true}]}}