{"id":2859,"date":"2026-04-29T00:20:43","date_gmt":"2026-04-28T22:20:43","guid":{"rendered":"https:\/\/grupoacre.com\/?page_id=2859"},"modified":"2026-04-29T18:49:58","modified_gmt":"2026-04-29T16:49:58","slug":"empleo-global","status":"publish","type":"page","link":"https:\/\/grupoacre.com\/es\/empleo-global\/","title":{"rendered":"Empleo Global"},"content":{"rendered":"<div class=\"container\"><div class=\"\">\n<div class=\"wp-block-columns is-layout-flex wp-container-core-columns-is-layout-9d6595d7 wp-block-columns-is-layout-flex\"><div class=\"container\"><div class=\"\">\n<div class=\"wp-block-column is-layout-flow wp-block-column-is-layout-flow\">\n<!--- Full width text block --->\n\n<section id=\"text_full_width-block_92c837356231d81364aa169d33835143\" class=\"section block_text_full_width background-blue with_card  \">\n\t<div class=\"container\">\n\t\t<!-- conditional card_bg class -->\n\t\t<div class=\"card_content card_bg white\">\n\t\t\t<div class=\"card_text_content\">\n\t\t\t\t\n\t\t\t\t\t\t\t\t\t<div class=\"\">\n\t\t\t\t\t\t<h2>Empleo T\u00e9cnico en Topograf\u00eda con perfil comercial<\/h2>\n\t\t\t\t\t<\/div>\n\t\t\t\t\t\t\t\t<div class=\"text_full_width_content\">\n\t\t\t\t\t\t\t\t\t\t\t<p>EMPLEO: \u00bfTe apasiona la topograf\u00eda y adem\u00e1s te gusta asesorar y vender soluciones tecnol\u00f3gicas? este empleo es para ti, buscamos un <b>profesional t\u00e9cnico en topograf\u00eda con perfil comercial<\/b>\u00a0para integrarse a nuestro equipo.<\/p>\n<p><b>\ud83d\udee0\ufe0f Responsabilidades:<\/b><\/p>\n<ul>\n<li>Asesorar a clientes sobre las mejores soluciones tecnol\u00f3gicas en topograf\u00eda, escaneo l\u00e1ser y drones.<\/li>\n<li>Acompa\u00f1ar el proceso de venta con un enfoque t\u00e9cnico y consultivo.<\/li>\n<li>Detectar oportunidades, establecer relaciones y cerrar ventas en distintos sectores.<\/li>\n<li>Brindar soporte y gu\u00eda en el uso correcto de los equipos.<\/li>\n<\/ul>\n<p><b>\u2705 Requisitos:<\/b><\/p>\n<ul>\n<li>Formaci\u00f3n t\u00e9cnica en\u00a0<b>Topograf\u00eda<\/b>\u00a0o carreras afines.<\/li>\n<li>Buenas habilidades de comunicaci\u00f3n y gusto por las ventas.<\/li>\n<li>Deseable experiencia en atenci\u00f3n a clientes o soporte t\u00e9cnico.<\/li>\n<li>Disponibilidad para viajar dentro del territorio paname\u00f1o.<\/li>\n<li>Proactividad, empat\u00eda y orientaci\u00f3n al cliente.<\/li>\n<\/ul>\n<p><b>\ud83d\udcbc Ofrecemos:<\/b><\/p>\n<ul>\n<li><b>Contrato fijo<\/b>\u00a0con base salarial competitiva.<\/li>\n<li><b>Altas comisiones por ventas.<\/b><\/li>\n<li>Capacitaci\u00f3n continua en tecnolog\u00edas Leica y productos relacionados.<\/li>\n<li>Oportunidad de crecimiento profesional en una empresa s\u00f3lida y en expansi\u00f3n.<\/li>\n<li>Zona base: Espa\u00f1a, M\u00e9xico, Panam\u00e1, Colombia y Per\u00fa, con cobertura a nivel nacional en cada delegaci\u00f3n.<\/li>\n<\/ul>\n<p>Env\u00eda tu postulaci\u00f3n al empleo con tu CV a servicioalcliente@grupoacre.com indicando en el asunto el nombre de la vacante.<\/p>\n\t\t\t\t\t\t\t\t\t<\/div>\n\t\t\t<\/div>\n\t\t<\/div>\n\t<\/div>\n<\/section>\n\n<\/div>\n<\/div><\/div>\n\n<div class=\"container\"><div class=\"\">\n<div class=\"wp-block-column is-layout-flow wp-block-column-is-layout-flow\">\n<!--- Full Width Multimedia --->\n\n<div id=\"fullwidth_bg-block_9dae5d3bab0ee820aa8385a880feaedc\" class=\"section block_fullwidth_bg background-white full_image  \">\n\t<div class=\"container\">\n\t\t<div class=\"row card_content\">\n\t\t\t<div class=\"col-12 col-md-12\">\n\t\t\t\t\t\t\t\t\t<div class=\"image-card-row\">\n\n\t\t\t\t\t\t<img decoding=\"async\" class=\"responsive_image radius-image\" src=\"https:\/\/acre.fra1.cdn.digitaloceanspaces.com\/wp-content\/uploads\/sites\/2\/2026\/04\/28234125\/web-comercial-latam_b.jpg\" alt=\"Vacante tecnico comercial\" loading=\"lazy\">\n\t\t\t\t\t<\/div>\n\t\t\t\t\t\t\t<\/div>\n\t\t<\/div>\n\t<\/div>\n<\/div>\n\n<script type=\"text\/javascript\">\n\t(function(id) {\n\t\tlet thisBlock = document.querySelector(\"#\" + id + \".full_video\");\n\t\tif (!thisBlock) return;\n\t\t\n\t\tlet full_video = thisBlock.querySelector(\".responsive_video\");\n\t\tlet playButton = thisBlock.querySelector(\"#playButton\");\n\t\tlet overlay = thisBlock.querySelector(\"#overlay\");\n\n\t\tif(full_video) {\n\t\t\tfull_video.pause();\n\t\t\tfull_video.controls = false;\n\n\t\t\tfunction togglePlayPause() {\n\t\t\t\tif (full_video.paused) {\n\t\t\t\t\tfull_video.play();\n\t\t\t\t\tfull_video.controls = true;\n\t\t\t\t\tplayButton.classList.add('hidden');\n\t\t\t\t} else {\n\t\t\t\t\tfull_video.pause();\n\t\t\t\t\tfull_video.controls = false;\n\t\t\t\t\tplayButton.classList.remove('hidden');\n\t\t\t\t}\n\t\t\t}\n\n\t\t\tplayButton.addEventListener('click', function (event) {\n\t\t\t\tevent.stopPropagation(); \n\t\t\t\ttogglePlayPause();\n\t\t\t});\n\n\t\t\toverlay.addEventListener('click', togglePlayPause);\n\t\t\tfull_video.addEventListener('click', togglePlayPause);\n\n\t\t\tfull_video.addEventListener('ended', function () {\n\t\t\t\tplayButton.classList.remove('hidden');\n\t\t\t\tfull_video.controls = false;\n\t\t\t});\n\t\t}\n\n\t})(\"fullwidth_bg-block_9dae5d3bab0ee820aa8385a880feaedc\");\n\n<\/script>\n\n<\/div>\n<\/div><\/div><\/div>\n<\/div><\/div>\n\n<div class=\"container\"><div class=\"\">\n<div class=\"wp-block-columns is-layout-flex wp-container-core-columns-is-layout-9d6595d7 wp-block-columns-is-layout-flex\"><div class=\"container\"><div class=\"\">\n<div class=\"wp-block-column is-layout-flow wp-block-column-is-layout-flow\">\n<!--- Full width text block --->\n\n<section id=\"text_full_width-block_7825c6125e9aa296722054064a3cca0f\" class=\"section block_text_full_width background-grey with_card  \">\n\t<div class=\"container\">\n\t\t<!-- conditional card_bg class -->\n\t\t<div class=\"card_content card_bg white\">\n\t\t\t<div class=\"card_text_content\">\n\t\t\t\t\n\t\t\t\t\t\t\t\t\t<div class=\"\">\n\t\t\t\t\t\t<h2>\u00bfQuieres formar parte de nuestro equipo? Env\u00edanos tu CV para futuros empleos.<\/h2>\n\t\t\t\t\t<\/div>\n\t\t\t\t\t\t\t\t<div class=\"text_full_width_content\">\n\t\t\t\t\t\t\t\t\t\t\t<p>\u00bfQuieres formar parte de nuestro equipo? Env\u00edanos tu CV para futuras oportunidades.<\/p>\n<p>\ud83d\udce9 mail: servicioalcliente@grupoacre.com<\/p>\n\t\t\t\t\t\t\t\t\t<\/div>\n\t\t\t<\/div>\n\t\t<\/div>\n\t<\/div>\n<\/section>\n\n<\/div>\n<\/div><\/div><\/div>\n<\/div><\/div>","protected":false},"excerpt":{"rendered":"","protected":false},"author":9,"featured_media":0,"parent":0,"menu_order":0,"comment_status":"closed","ping_status":"closed","template":"templates\/jobs.php","meta":{"_acf_changed":false,"om_disable_all_campaigns":false,"footnotes":""},"class_list":["post-2859","page","type-page","status-publish","hentry"],"acf":[],"_links":{"self":[{"href":"https:\/\/grupoacre.com\/es\/wp-json\/wp\/v2\/pages\/2859","targetHints":{"allow":["GET"]}}],"collection":[{"href":"https:\/\/grupoacre.com\/es\/wp-json\/wp\/v2\/pages"}],"about":[{"href":"https:\/\/grupoacre.com\/es\/wp-json\/wp\/v2\/types\/page"}],"author":[{"embeddable":true,"href":"https:\/\/grupoacre.com\/es\/wp-json\/wp\/v2\/users\/9"}],"replies":[{"embeddable":true,"href":"https:\/\/grupoacre.com\/es\/wp-json\/wp\/v2\/comments?post=2859"}],"version-history":[{"count":1,"href":"https:\/\/grupoacre.com\/es\/wp-json\/wp\/v2\/pages\/2859\/revisions"}],"predecessor-version":[{"id":2860,"href":"https:\/\/grupoacre.com\/es\/wp-json\/wp\/v2\/pages\/2859\/revisions\/2860"}],"wp:attachment":[{"href":"https:\/\/grupoacre.com\/es\/wp-json\/wp\/v2\/media?parent=2859"}],"curies":[{"name":"wp","href":"https:\/\/api.w.org\/{rel}","templated":true}]}}