{"id":2359,"date":"2025-07-04T03:16:15","date_gmt":"2025-07-04T01:16:15","guid":{"rendered":"https:\/\/grupoacre.com\/es\/?page_id=2359"},"modified":"2026-04-28T23:37:32","modified_gmt":"2026-04-28T21:37:32","slug":"empleo-colombia","status":"publish","type":"page","link":"https:\/\/grupoacre.com\/es\/empleo-colombia\/","title":{"rendered":"Empleo Colombia"},"content":{"rendered":"<div class=\"container\"><div class=\"\">\n<div class=\"wp-block-columns is-layout-flex wp-container-core-columns-is-layout-9d6595d7 wp-block-columns-is-layout-flex\"><div class=\"container\"><div class=\"\">\n<div class=\"wp-block-column is-layout-flow wp-block-column-is-layout-flow\">\n<!--- Full width text block --->\n\n<section id=\"text_full_width-block_2a86ad769512da47caf015d157964a1b\" class=\"section block_text_full_width background-white  no-top-padding \">\n\t<div class=\"container\">\n\t\t<!-- conditional card_bg class -->\n\t\t<div class=\"card_content no-card \">\n\t\t\t<div class=\"card_text_content\">\n\t\t\t\t\n\t\t\t\t\t\t\t\t\t<div class=\"\">\n\t\t\t\t\t\t<h2>Comercial Senior<\/h2>\n\t\t\t\t\t<\/div>\n\t\t\t\t\t\t\t\t<div class=\"text_full_width_content\">\n\t\t\t\t\t\t\t\t\t\t\t<p><!-- wp:buttons --><\/p>\n<div class=\"wp-block-buttons\"><!-- wp:button {\"style\":{\"color\":{\"background\":\"#1500ff\"}}} --><\/p>\n<div class=\"wp-block-button\"><a class=\"wp-block-button__link has-background wp-element-button\" href=\"https:\/\/forms.gle\/cCcR4E1NWW9isAvz8\" style=\"background-color:#1500ff\" target=\"_blank\" rel=\"noopener\">Enviar hoja de vida<\/a><\/div>\n<p><!-- \/wp:button --><\/div>\n<p><!-- \/wp:buttons --><\/p>\n<p data-path-to-node=\"3\"><b data-path-to-node=\"3\" data-index-in-node=\"0\">\u00bfTe apasiona la tecnolog\u00eda y el desarrollo de nuevos negocios?<\/b>\u00a0Buscamos profesionales con perfil t\u00e9cnico y comercial para transformar la industria de la infraestructura y construcci\u00f3n a trav\u00e9s de soluciones de vanguardia.<\/p>\n<h3 data-path-to-node=\"4\"><b data-path-to-node=\"4\" data-index-in-node=\"0\">Tu Misi\u00f3n en el Cargo:<\/b><\/h3>\n<ul>\n<li data-path-to-node=\"5\"><strong>Gestionar el proceso de prospecci\u00f3n y ventas estrat\u00e9gicas<\/strong>, acompa\u00f1ando a clientes corporativos desde el primer contacto hasta la fidelizaci\u00f3n.<\/li>\n<li>\n<p data-path-to-node=\"6,0,0\"><b data-path-to-node=\"6,0,0\" data-index-in-node=\"0\">Generar y perfilar<\/b>\u00a0bases de datos para visitas presenciales estrat\u00e9gicas.<\/p>\n<\/li>\n<li>\n<p data-path-to-node=\"6,1,0\"><b data-path-to-node=\"6,1,0\" data-index-in-node=\"0\">Gestionar el ciclo de venta<\/b>\u00a0completo, asegurando el cumplimiento de presupuestos y KPIs.<\/p>\n<\/li>\n<li>\n<p data-path-to-node=\"6,2,0\"><b data-path-to-node=\"6,2,0\" data-index-in-node=\"0\">Investigar licitaciones<\/b>\u00a0y propuestas para empresas p\u00fablicas y privadas.<\/p>\n<\/li>\n<li>\n<p data-path-to-node=\"6,3,0\"><b data-path-to-node=\"6,3,0\" data-index-in-node=\"0\">Participar en eventos<\/b>\u00a0y ferias del sector para captaci\u00f3n de leads.<\/p>\n<\/li>\n<\/ul>\n<h3 data-path-to-node=\"7\"><b data-path-to-node=\"7\" data-index-in-node=\"0\">\u00bfQu\u00e9 perfil buscamos?<\/b><\/h3>\n<ul data-path-to-node=\"8\">\n<li>\n<p data-path-to-node=\"8,0,0\"><b data-path-to-node=\"8,0,0\" data-index-in-node=\"0\">Formaci\u00f3n:<\/b>\u00a0Profesionales o tecn\u00f3logos\/as en\u00a0<b data-path-to-node=\"8,0,0\" data-index-in-node=\"44\">Topograf\u00eda, Ingenier\u00eda Civil<\/b>, Administraci\u00f3n de Empresas o carreras afines.<\/p>\n<\/li>\n<li>\n<p data-path-to-node=\"8,1,0\"><b data-path-to-node=\"8,1,0\" data-index-in-node=\"0\">Experiencia:<\/b>\u00a0M\u00ednimo\u00a0<b data-path-to-node=\"8,1,0\" data-index-in-node=\"20\">3 a\u00f1os<\/b>\u00a0en ventas consultivas y manejo de clientes corporativos (B2B). Deseable\u00a0<strong>experiencia en ventas de equipos tecnol\u00f3gicos especializados<\/strong>.<\/p>\n<\/li>\n<li>\n<p data-path-to-node=\"8,2,0\"><b data-path-to-node=\"8,2,0\" data-index-in-node=\"0\">Conocimientos:<\/b>\u00a0Manejo de CRM (no excluyente), dise\u00f1o de planes de negocio y valoraci\u00f3n de sectores como infraestructura, miner\u00eda y energ\u00eda (oil &amp; gas).<\/p>\n<\/li>\n<li>Disponibilidad para viajar<\/li>\n<li>\n<p data-path-to-node=\"8,3,0\"><b data-path-to-node=\"8,3,0\" data-index-in-node=\"0\">Habilidades:<\/b>\u00a0Orientaci\u00f3n al logro, visi\u00f3n estrat\u00e9gica y autonom\u00eda.<\/p>\n<\/li>\n<\/ul>\n<h3 data-path-to-node=\"9\"><b data-path-to-node=\"9\" data-index-in-node=\"0\">Ubicaciones disponibles:<\/b><\/h3>\n<p data-path-to-node=\"10\"><img decoding=\"async\" class=\"emoji\" role=\"img\" src=\"https:\/\/s.w.org\/images\/core\/emoji\/17.0.2\/svg\/1f4cd.svg\" alt=\"\ud83d\udccd\" \/>\u00a0Medell\u00edn | Barranquilla | Cali<\/p>\n<p data-path-to-node=\"11\"><b data-path-to-node=\"11\" data-index-in-node=\"0\">\u00a1Da el siguiente paso en tu carrera profesional y \u00fanete a un equipo innovador!<\/b><\/p>\n\t\t\t\t\t\t\t\t\t<\/div>\n\t\t\t<\/div>\n\t\t<\/div>\n\t<\/div>\n<\/section>\n\n\n\n<div class=\"container\"><div class=\"\">\n<div class=\"wp-block-buttons is-layout-flex wp-block-buttons-is-layout-flex\"><div class=\"container\"><div class=\"\">\n<div class=\"wp-block-button\"><a class=\"wp-block-button__link has-background wp-element-button\" href=\"https:\/\/forms.gle\/cCcR4E1NWW9isAvz8\" style=\"background-color:#1500ff\" target=\"_blank\" rel=\"noopener\">Enviar hoja de vida<\/a><\/div>\n<\/div><\/div><\/div>\n<\/div><\/div><\/div>\n<\/div><\/div>\n\n<div class=\"container\"><div class=\"\">\n<div class=\"wp-block-column is-layout-flow wp-block-column-is-layout-flow\"><div class=\"container\"><div class=\" mt-5 mb-5\">\n<figure class=\"wp-block-image size-large\"><a href=\"https:\/\/forms.gle\/cCcR4E1NWW9isAvz8\" target=\"_blank\" rel=\"noopener\"><img loading=\"lazy\" decoding=\"async\" width=\"576\" height=\"1024\" src=\"https:\/\/acre.fra1.cdn.digitaloceanspaces.com\/wp-content\/uploads\/sites\/2\/2026\/01\/20182815\/vacante_col_st-576x1024.jpg\" alt=\"\" class=\"wp-image-2726\" srcset=\"https:\/\/acre.fra1.cdn.digitaloceanspaces.com\/wp-content\/uploads\/sites\/2\/2026\/01\/20182815\/vacante_col_st-576x1024.jpg 576w, https:\/\/acre.fra1.cdn.digitaloceanspaces.com\/wp-content\/uploads\/sites\/2\/2026\/01\/20182815\/vacante_col_st-169x300.jpg 169w, https:\/\/acre.fra1.cdn.digitaloceanspaces.com\/wp-content\/uploads\/sites\/2\/2026\/01\/20182815\/vacante_col_st-768x1365.jpg 768w, https:\/\/acre.fra1.cdn.digitaloceanspaces.com\/wp-content\/uploads\/sites\/2\/2026\/01\/20182815\/vacante_col_st-864x1536.jpg 864w, https:\/\/acre.fra1.cdn.digitaloceanspaces.com\/wp-content\/uploads\/sites\/2\/2026\/01\/20182815\/vacante_col_st-1152x2048.jpg 1152w, https:\/\/acre.fra1.cdn.digitaloceanspaces.com\/wp-content\/uploads\/sites\/2\/2026\/01\/20182815\/vacante_col_st-84x150.jpg 84w, https:\/\/acre.fra1.cdn.digitaloceanspaces.com\/wp-content\/uploads\/sites\/2\/2026\/01\/20182815\/vacante_col_st-scaled.jpg 1440w\" sizes=\"auto, (max-width: 576px) 100vw, 576px\" \/><\/a><\/figure>\n<\/div><\/div><\/div>\n<\/div><\/div><\/div>\n<\/div><\/div>\n\n<div class=\"container\"><div class=\"\">\n<div style=\"height:50px;width:0px\" aria-hidden=\"true\" class=\"wp-block-spacer\"><\/div>\n<\/div><\/div>","protected":false},"excerpt":{"rendered":"","protected":false},"author":7,"featured_media":0,"parent":0,"menu_order":0,"comment_status":"closed","ping_status":"closed","template":"templates\/jobs.php","meta":{"_acf_changed":false,"om_disable_all_campaigns":false,"footnotes":""},"class_list":["post-2359","page","type-page","status-publish","hentry"],"acf":[],"_links":{"self":[{"href":"https:\/\/grupoacre.com\/es\/wp-json\/wp\/v2\/pages\/2359","targetHints":{"allow":["GET"]}}],"collection":[{"href":"https:\/\/grupoacre.com\/es\/wp-json\/wp\/v2\/pages"}],"about":[{"href":"https:\/\/grupoacre.com\/es\/wp-json\/wp\/v2\/types\/page"}],"author":[{"embeddable":true,"href":"https:\/\/grupoacre.com\/es\/wp-json\/wp\/v2\/users\/7"}],"replies":[{"embeddable":true,"href":"https:\/\/grupoacre.com\/es\/wp-json\/wp\/v2\/comments?post=2359"}],"version-history":[{"count":33,"href":"https:\/\/grupoacre.com\/es\/wp-json\/wp\/v2\/pages\/2359\/revisions"}],"predecessor-version":[{"id":2748,"href":"https:\/\/grupoacre.com\/es\/wp-json\/wp\/v2\/pages\/2359\/revisions\/2748"}],"wp:attachment":[{"href":"https:\/\/grupoacre.com\/es\/wp-json\/wp\/v2\/media?parent=2359"}],"curies":[{"name":"wp","href":"https:\/\/api.w.org\/{rel}","templated":true}]}}