{"id":1695,"date":"2025-03-06T14:00:14","date_gmt":"2025-03-06T13:00:14","guid":{"rendered":"https:\/\/pro.grupoacre.com\/?page_id=1695"},"modified":"2026-04-29T19:50:55","modified_gmt":"2026-04-29T17:50:55","slug":"equipo","status":"publish","type":"page","link":"https:\/\/grupoacre.com\/es\/equipo\/","title":{"rendered":"Equipo"},"content":{"rendered":"<!--- Full width text block --->\n\n<div id=\"text_full_width-block_5d578161bca01ab00459c9feff20b34f\" class=\"section block_text_full_width background-white   \">\n\t<div class=\"container\">\n\t\t<!-- conditional card_bg class -->\n\t\t<div class=\"card_content no-card \">\n\t\t\t<div class=\"card_text_content\">\n\t\t\t\t\n\t\t\t\t\t\t\t\t<div class=\"text_full_width_content\">\n\t\t\t\t\t\t\t\t\t\t\t<p><!-- wp:paragraph -->En ACRE te invitamos a formar parte de un equipo que construye el futuro desde la innovaci\u00f3n tecnol\u00f3gica. Somos una empresa din\u00e1mica, con proyecci\u00f3n internacional y presencia en sectores clave como la topograf\u00eda, la ingenier\u00eda, la construcci\u00f3n y la agricultura de precisi\u00f3n. Aqu\u00ed encontrar\u00e1s un entorno de trabajo actual, colaborativo y en constante evoluci\u00f3n, donde podr\u00e1s crecer profesionalmente, desarrollar tu talento y participar en proyectos con impacto real.<\/p>\n<p><!-- \/wp:paragraph --><!-- wp:paragraph -->Si buscas un lugar donde tus ideas cuenten, tu trabajo marque la diferencia y cada d\u00eda suponga un nuevo reto, ACRE es tu sitio.<\/p>\n<!-- \/wp:paragraph -->\t\t\t\t\t\t\t\t\t<\/div>\n\t\t\t<\/div>\n\t\t<\/div>\n\t<\/div>\n<\/div>\n\n\n\n\n        <section  id=\"block_direct_accesses-block_ecbf45160f0581a486fd491a8a1f2b93\" class=\"section block_direct_accesses section direct_accesses background-white no-top-padding no-bottom-padding\">\n            <div class=\"container\">\n                                    <div class=\"section-title  text-start\">\n                        <h2>Trabaja con nosotros en<\/h2>\n                                            <\/div>\n                            \n                        <div class=\"row \">\n                                                                            \n                                <div class=\"direct_accesses-col col-12 col-md-12 col-lg-4 col-xl-4 col-xxl-4\">\n                                <div class=\"card-image kensei_02  overlay_dark\" onclick=\"location.href='https:\/\/grupoacre.com\/es\/empleo-global\/'\">\n\n                                    <picture>\n                                    <source srcset=\"https:\/\/acre.fra1.cdn.digitaloceanspaces.com\/wp-content\/uploads\/sites\/2\/2026\/04\/29194906\/imagen-vacantes-global-600x600.jpg\" media=\"(max-width: 768px)\">\n                                    <source srcset=\"https:\/\/acre.fra1.cdn.digitaloceanspaces.com\/wp-content\/uploads\/sites\/2\/2026\/04\/29194906\/imagen-vacantes-global-600x600.jpg\" media=\"(min-width: 769px)\">\n                                    <img\n                                        src=\"https:\/\/acre.fra1.cdn.digitaloceanspaces.com\/wp-content\/uploads\/sites\/2\/2026\/04\/29194906\/imagen-vacantes-global-600x600.jpg\"\n                                        alt=\"Empleo Global\"\n                                        width=\"900\"\n                                        height=\"506\"\n                                        decoding=\"async\"\n                                        style=\"width: 100%; height: 100%; object-fit: cover; border-radius: 20px;\"\n                                        class=\"card-img-top\"\n                                        loading=\"lazy\"                                    >\n                                    <\/picture>\n\n                                    <div class=\"card-content\">\n                                    <div class=\"card-top\">\n                                        <h3 class=\"h4\">Empleo Global<\/h3>\n\n                                                                                    <a class=\"arrow_btn\" href=\"https:\/\/grupoacre.com\/es\/empleo-global\/\"  aria-label=\"Go to Empleo Global\">\n                                                                                <svg width=\"22\" height=\"22\" viewBox=\"0 0 33 28\" fill=\"none\" xmlns=\"http:\/\/www.w3.org\/2000\/svg\">\n                                            <path d=\"M32.5805 14.6366L20.0805 27.1366C19.8458 27.3713 19.5275 27.5032 19.1955 27.5032C18.8636 27.5032 18.5452 27.3713 18.3105 27.1366C18.0758 26.9019 17.9439 26.5835 17.9439 26.2516C17.9439 25.9196 18.0758 25.6013 18.3105 25.3666L28.678 15.0016L1.69552 15.0016C1.364 15.0016 1.04606 14.8699 0.811633 14.6355C0.577213 14.401 0.445518 14.0831 0.445518 13.7516C0.445518 13.4201 0.577213 13.1021 0.811634 12.8677C1.04606 12.6333 1.364 12.5016 1.69552 12.5016L28.678 12.5016L18.3105 2.13658C18.0758 1.90186 17.9439 1.58352 17.9439 1.25158C17.9439 0.91964 18.0758 0.601295 18.3105 0.366579C18.5452 0.131862 18.8636 -6.13166e-07 19.1955 -6.01129e-07C19.5275 -5.89093e-07 19.8458 0.131862 20.0805 0.366579L32.5805 12.8666C32.6969 12.9827 32.7893 13.1206 32.8523 13.2725C32.9153 13.4244 32.9478 13.5872 32.9478 13.7516C32.9478 13.916 32.9153 14.0788 32.8523 14.2307C32.7893 14.3825 32.6969 14.5205 32.5805 14.6366Z\" fill=\"#1E1E1E\"\/>\n                                        <\/svg>\n                                        <\/a>\n                                                                            <\/div>\n\n                                    <p>Trabaja con ACRE.<br \/>\nConsulta las oportunidades laborales disponibles aqu\u00ed.<\/p>\n                                    <\/div>\n                                <\/div>\n                                <\/div>\n\n\n                                                                                                                        \n                                <div class=\"direct_accesses-col col-12 col-md-12 col-lg-4 col-xl-4 col-xxl-4\">\n                                <div class=\"card-image kensei_02  overlay_dark\" onclick=\"location.href='https:\/\/grupoacre.com\/es\/empleos-en-espana-acre-mapping-the-future\/'\">\n\n                                    <picture>\n                                    <source srcset=\"https:\/\/acre.fra1.cdn.digitaloceanspaces.com\/wp-content\/uploads\/sites\/2\/2026\/01\/22143943\/vacantes-espana-600x533.jpg\" media=\"(max-width: 768px)\">\n                                    <source srcset=\"https:\/\/acre.fra1.cdn.digitaloceanspaces.com\/wp-content\/uploads\/sites\/2\/2026\/01\/22143943\/vacantes-espana-600x533.jpg\" media=\"(min-width: 769px)\">\n                                    <img\n                                        src=\"https:\/\/acre.fra1.cdn.digitaloceanspaces.com\/wp-content\/uploads\/sites\/2\/2026\/01\/22143943\/vacantes-espana-600x533.jpg\"\n                                        alt=\"Empleo Espa\u00f1a\"\n                                        width=\"900\"\n                                        height=\"506\"\n                                        decoding=\"async\"\n                                        style=\"width: 100%; height: 100%; object-fit: cover; border-radius: 20px;\"\n                                        class=\"card-img-top\"\n                                        loading=\"lazy\"                                    >\n                                    <\/picture>\n\n                                    <div class=\"card-content\">\n                                    <div class=\"card-top\">\n                                        <h3 class=\"h4\">Empleo Espa\u00f1a<\/h3>\n\n                                                                                    <a class=\"arrow_btn\" href=\"https:\/\/grupoacre.com\/es\/empleos-en-espana-acre-mapping-the-future\/\"  aria-label=\"Go to Empleo Espa\u00f1a\">\n                                                                                <svg width=\"22\" height=\"22\" viewBox=\"0 0 33 28\" fill=\"none\" xmlns=\"http:\/\/www.w3.org\/2000\/svg\">\n                                            <path d=\"M32.5805 14.6366L20.0805 27.1366C19.8458 27.3713 19.5275 27.5032 19.1955 27.5032C18.8636 27.5032 18.5452 27.3713 18.3105 27.1366C18.0758 26.9019 17.9439 26.5835 17.9439 26.2516C17.9439 25.9196 18.0758 25.6013 18.3105 25.3666L28.678 15.0016L1.69552 15.0016C1.364 15.0016 1.04606 14.8699 0.811633 14.6355C0.577213 14.401 0.445518 14.0831 0.445518 13.7516C0.445518 13.4201 0.577213 13.1021 0.811634 12.8677C1.04606 12.6333 1.364 12.5016 1.69552 12.5016L28.678 12.5016L18.3105 2.13658C18.0758 1.90186 17.9439 1.58352 17.9439 1.25158C17.9439 0.91964 18.0758 0.601295 18.3105 0.366579C18.5452 0.131862 18.8636 -6.13166e-07 19.1955 -6.01129e-07C19.5275 -5.89093e-07 19.8458 0.131862 20.0805 0.366579L32.5805 12.8666C32.6969 12.9827 32.7893 13.1206 32.8523 13.2725C32.9153 13.4244 32.9478 13.5872 32.9478 13.7516C32.9478 13.916 32.9153 14.0788 32.8523 14.2307C32.7893 14.3825 32.6969 14.5205 32.5805 14.6366Z\" fill=\"#1E1E1E\"\/>\n                                        <\/svg>\n                                        <\/a>\n                                                                            <\/div>\n\n                                    <p>Trabaja con ACRE en Espa\u00f1a.<br \/>\nConsulta las oportunidades laborales disponibles aqu\u00ed.<\/p>\n                                    <\/div>\n                                <\/div>\n                                <\/div>\n\n\n                                                                                                                        \n                                <div class=\"direct_accesses-col col-12 col-md-12 col-lg-4 col-xl-4 col-xxl-4\">\n                                <div class=\"card-image kensei_02  overlay_dark\" onclick=\"location.href='https:\/\/grupoacre.com\/es\/empleo-colombia\/'\">\n\n                                    <picture>\n                                    <source srcset=\"https:\/\/acre.fra1.cdn.digitaloceanspaces.com\/wp-content\/uploads\/sites\/2\/2025\/07\/03230231\/vacante_co_acre-card-600x600.jpg\" media=\"(max-width: 768px)\">\n                                    <source srcset=\"https:\/\/acre.fra1.cdn.digitaloceanspaces.com\/wp-content\/uploads\/sites\/2\/2025\/07\/03230231\/vacante_co_acre-card-600x600.jpg\" media=\"(min-width: 769px)\">\n                                    <img\n                                        src=\"https:\/\/acre.fra1.cdn.digitaloceanspaces.com\/wp-content\/uploads\/sites\/2\/2025\/07\/03230231\/vacante_co_acre-card-600x600.jpg\"\n                                        alt=\"Empleo Colombia\"\n                                        width=\"900\"\n                                        height=\"506\"\n                                        decoding=\"async\"\n                                        style=\"width: 100%; height: 100%; object-fit: cover; border-radius: 20px;\"\n                                        class=\"card-img-top\"\n                                        loading=\"lazy\"                                    >\n                                    <\/picture>\n\n                                    <div class=\"card-content\">\n                                    <div class=\"card-top\">\n                                        <h3 class=\"h4\">Empleo Colombia<\/h3>\n\n                                                                                    <a class=\"arrow_btn\" href=\"https:\/\/grupoacre.com\/es\/empleo-colombia\/\"  aria-label=\"Go to Empleo Colombia\">\n                                                                                <svg width=\"22\" height=\"22\" viewBox=\"0 0 33 28\" fill=\"none\" xmlns=\"http:\/\/www.w3.org\/2000\/svg\">\n                                            <path d=\"M32.5805 14.6366L20.0805 27.1366C19.8458 27.3713 19.5275 27.5032 19.1955 27.5032C18.8636 27.5032 18.5452 27.3713 18.3105 27.1366C18.0758 26.9019 17.9439 26.5835 17.9439 26.2516C17.9439 25.9196 18.0758 25.6013 18.3105 25.3666L28.678 15.0016L1.69552 15.0016C1.364 15.0016 1.04606 14.8699 0.811633 14.6355C0.577213 14.401 0.445518 14.0831 0.445518 13.7516C0.445518 13.4201 0.577213 13.1021 0.811634 12.8677C1.04606 12.6333 1.364 12.5016 1.69552 12.5016L28.678 12.5016L18.3105 2.13658C18.0758 1.90186 17.9439 1.58352 17.9439 1.25158C17.9439 0.91964 18.0758 0.601295 18.3105 0.366579C18.5452 0.131862 18.8636 -6.13166e-07 19.1955 -6.01129e-07C19.5275 -5.89093e-07 19.8458 0.131862 20.0805 0.366579L32.5805 12.8666C32.6969 12.9827 32.7893 13.1206 32.8523 13.2725C32.9153 13.4244 32.9478 13.5872 32.9478 13.7516C32.9478 13.916 32.9153 14.0788 32.8523 14.2307C32.7893 14.3825 32.6969 14.5205 32.5805 14.6366Z\" fill=\"#1E1E1E\"\/>\n                                        <\/svg>\n                                        <\/a>\n                                                                            <\/div>\n\n                                    <p>Trabaja con ACRE en Colombia.<br \/>\nConsulta las oportunidades laborales disponibles aqu\u00ed.<\/p>\n                                    <\/div>\n                                <\/div>\n                                <\/div>\n\n\n                                                                            <\/div>\n                            <\/div>\n        <\/section>\n\n\n    \n\n\n        <section  id=\"block_direct_accesses-block_05b1fa0803ca83996112694eaaea8093\" class=\"section block_direct_accesses section direct_accesses background- no-top-padding no-bottom-padding\">\n            <div class=\"container\">\n                                    <div class=\"section-title hide_title text-\">\n                        <h2>Trabaje con nosotros<\/h2>\n                                            <\/div>\n                            \n                        <div class=\"row \">\n                                                                            \n                                <div class=\"direct_accesses-col col-12 col-md-12 col-lg-4 col-xl-4 col-xxl-4\">\n                                <div class=\"card-image kensei_02  overlay_dark\" >\n\n                                    <picture>\n                                    <source srcset=\"https:\/\/acre.fra1.cdn.digitaloceanspaces.com\/wp-content\/uploads\/sites\/2\/2025\/07\/03225531\/editable_pieza-empleo-mx_acre-card-600x500.jpg\" media=\"(max-width: 768px)\">\n                                    <source srcset=\"https:\/\/acre.fra1.cdn.digitaloceanspaces.com\/wp-content\/uploads\/sites\/2\/2025\/07\/03225531\/editable_pieza-empleo-mx_acre-card-600x500.jpg\" media=\"(min-width: 769px)\">\n                                    <img\n                                        src=\"https:\/\/acre.fra1.cdn.digitaloceanspaces.com\/wp-content\/uploads\/sites\/2\/2025\/07\/03225531\/editable_pieza-empleo-mx_acre-card-600x500.jpg\"\n                                        alt=\"Empleo M\u00e9xico\"\n                                        width=\"900\"\n                                        height=\"506\"\n                                        decoding=\"async\"\n                                        style=\"width: 100%; height: 100%; object-fit: cover; border-radius: 20px;\"\n                                        class=\"card-img-top\"\n                                        loading=\"lazy\"                                    >\n                                    <\/picture>\n\n                                    <div class=\"card-content\">\n                                    <div class=\"card-top\">\n                                        <h3 class=\"h4\">Empleo M\u00e9xico<\/h3>\n\n                                                                            <\/div>\n\n                                    <p>Trabaja con ACRE en M\u00e9xico.<br \/>\nConsulta las oportunidades laborales disponibles aqu\u00ed.<\/p>\n                                    <\/div>\n                                <\/div>\n                                <\/div>\n\n\n                                                                                                                        \n                                <div class=\"direct_accesses-col col-12 col-md-12 col-lg-4 col-xl-4 col-xxl-4\">\n                                <div class=\"card-image kensei_02  overlay_dark\" >\n\n                                    <picture>\n                                    <source srcset=\"https:\/\/acre.fra1.cdn.digitaloceanspaces.com\/wp-content\/uploads\/sites\/2\/2025\/07\/11163302\/imagen-vacantes-panama-600x600.jpg\" media=\"(max-width: 768px)\">\n                                    <source srcset=\"https:\/\/acre.fra1.cdn.digitaloceanspaces.com\/wp-content\/uploads\/sites\/2\/2025\/07\/11163302\/imagen-vacantes-panama-600x600.jpg\" media=\"(min-width: 769px)\">\n                                    <img\n                                        src=\"https:\/\/acre.fra1.cdn.digitaloceanspaces.com\/wp-content\/uploads\/sites\/2\/2025\/07\/11163302\/imagen-vacantes-panama-600x600.jpg\"\n                                        alt=\"Empleo Panam\u00e1\"\n                                        width=\"900\"\n                                        height=\"506\"\n                                        decoding=\"async\"\n                                        style=\"width: 100%; height: 100%; object-fit: cover; border-radius: 20px;\"\n                                        class=\"card-img-top\"\n                                        loading=\"lazy\"                                    >\n                                    <\/picture>\n\n                                    <div class=\"card-content\">\n                                    <div class=\"card-top\">\n                                        <h3 class=\"h4\">Empleo Panam\u00e1<\/h3>\n\n                                                                            <\/div>\n\n                                    <p>Trabaja con ACRE en Panam\u00e1.<br \/>\nConsulta las oportunidades laborales disponibles aqu\u00ed.<\/p>\n                                    <\/div>\n                                <\/div>\n                                <\/div>\n\n\n                                                                                                                        \n                                <div class=\"direct_accesses-col col-12 col-md-12 col-lg-4 col-xl-4 col-xxl-4\">\n                                <div class=\"card-image kensei_02  overlay_dark\" >\n\n                                    <picture>\n                                    <source srcset=\"https:\/\/acre.fra1.cdn.digitaloceanspaces.com\/wp-content\/uploads\/sites\/2\/2025\/07\/03230231\/vacante_co_acre-card-600x600.jpg\" media=\"(max-width: 768px)\">\n                                    <source srcset=\"https:\/\/acre.fra1.cdn.digitaloceanspaces.com\/wp-content\/uploads\/sites\/2\/2025\/07\/03230231\/vacante_co_acre-card-600x600.jpg\" media=\"(min-width: 769px)\">\n                                    <img\n                                        src=\"https:\/\/acre.fra1.cdn.digitaloceanspaces.com\/wp-content\/uploads\/sites\/2\/2025\/07\/03230231\/vacante_co_acre-card-600x600.jpg\"\n                                        alt=\"Empleo Per\u00fa\"\n                                        width=\"900\"\n                                        height=\"506\"\n                                        decoding=\"async\"\n                                        style=\"width: 100%; height: 100%; object-fit: cover; border-radius: 20px;\"\n                                        class=\"card-img-top\"\n                                        loading=\"lazy\"                                    >\n                                    <\/picture>\n\n                                    <div class=\"card-content\">\n                                    <div class=\"card-top\">\n                                        <h3 class=\"h4\">Empleo Per\u00fa<\/h3>\n\n                                                                            <\/div>\n\n                                    <p>Trabaja con ACRE en Per\u00fa.<br \/>\nConsulta las oportunidades laborales disponibles aqu\u00ed.<\/p>\n                                    <\/div>\n                                <\/div>\n                                <\/div>\n\n\n                                                                            <\/div>\n                            <\/div>\n        <\/section>\n\n\n    \n\n\n<!--- CTA Text Block ---->\n\n<section id=\"cta_text-block_ad74b78a1a8790765307b9e846d40a35\" class=\"section block_cta_text section full_width  in_card background-white   \">\n\t<div class=\"container\">\n\t\t<div class=\"row card_content\">\n\t\t\t<div class=\"col-12 col-sm-12 offset-sm-0 col-md-10 offset-md-1 col-lg-10 offset-lg-1 col-xl-8 offset-xl-2\">\n\t\t\t\t<div class=\"cta_content text-center background-blue radius-card\">\n\t\t\t\t\t\t\t\t\t\t\t<h2 class=\"h2\">Env\u00eda tu CV<\/h2>\n\t\t\t\t\t\n\t\t\t\t\t\t\t\t\t\t\t<p class=\"h5\">Estaremos encantados de recibir tu candidatura para tenerte en cuenta en futuras oportunidades, escribe a info@grupoacre.com <\/p>\n\t\t\t\t\t\n\t\t\t\t\t\n\t\t\t\t\t\t\n\t\t\t\t<\/div>\n\t\t\t<\/div>\n\t\t<\/div>\n\t<\/div>\n<\/section>\n\n\t<!-- <div class=\"modal fade cta_form_modal\" id=\"cta_form_modal_\" tabindex=\"-1\" aria-labelledby=\"formModalLabel\" aria-hidden=\"true\">\n\t\t<div class=\"modal-dialog\">\n\t\t\t<a class=\"close-icon\" data-bs-dismiss=\"modal\"><\/a>\n\t\t\t<div class=\"container\">\n\t\t\t\t<div class=\"modal-content\">\n\t\t\t\t\t<div class=\"modal-body\">\n\t\t\t\t\t\t\t\t\t\t\t<\/div>\n\t\t\t\t<\/div>\n\t\t\t<\/div>\n\t\t<\/div>\n\t<\/div> -->","protected":false},"excerpt":{"rendered":"","protected":false},"author":1,"featured_media":0,"parent":0,"menu_order":0,"comment_status":"closed","ping_status":"closed","template":"templates\/default-slider.php","meta":{"_acf_changed":false,"om_disable_all_campaigns":false,"footnotes":""},"class_list":["post-1695","page","type-page","status-publish","hentry"],"acf":[],"_links":{"self":[{"href":"https:\/\/grupoacre.com\/es\/wp-json\/wp\/v2\/pages\/1695","targetHints":{"allow":["GET"]}}],"collection":[{"href":"https:\/\/grupoacre.com\/es\/wp-json\/wp\/v2\/pages"}],"about":[{"href":"https:\/\/grupoacre.com\/es\/wp-json\/wp\/v2\/types\/page"}],"author":[{"embeddable":true,"href":"https:\/\/grupoacre.com\/es\/wp-json\/wp\/v2\/users\/1"}],"replies":[{"embeddable":true,"href":"https:\/\/grupoacre.com\/es\/wp-json\/wp\/v2\/comments?post=1695"}],"version-history":[{"count":80,"href":"https:\/\/grupoacre.com\/es\/wp-json\/wp\/v2\/pages\/1695\/revisions"}],"predecessor-version":[{"id":2865,"href":"https:\/\/grupoacre.com\/es\/wp-json\/wp\/v2\/pages\/1695\/revisions\/2865"}],"wp:attachment":[{"href":"https:\/\/grupoacre.com\/es\/wp-json\/wp\/v2\/media?parent=1695"}],"curies":[{"name":"wp","href":"https:\/\/api.w.org\/{rel}","templated":true}]}}