{"id":2658,"date":"2026-01-19T18:35:27","date_gmt":"2026-01-19T17:35:27","guid":{"rendered":"https:\/\/grupoacre.com\/?page_id=2658"},"modified":"2026-02-18T13:21:37","modified_gmt":"2026-02-18T12:21:37","slug":"empleos-en-espana-acre-mapping-the-future","status":"publish","type":"page","link":"https:\/\/grupoacre.com\/en\/empleos-en-espana-acre-mapping-the-future\/","title":{"rendered":"Empleo Espa\u00f1a"},"content":{"rendered":"<div class=\"wp-block-group is-nowrap is-layout-flex wp-container-core-group-is-layout-ad2f72ca wp-block-group-is-layout-flex\">\n\n<!-- Anchor -->\n \n\n\n\n\n<section id=\"block_cols_text_media-block_b3f9f7fc8aefb5ae96760a47eb63809d\" class=\"section block_cols_text_media  background-white  \">\n\t<div class=\"container\">\n\t\t<div class=\"row justify-content-center align-items-center  \" >\n            <div class=\"col-12 col-md-12 col-lg-6 col-xl-6\">\n                <div class=\"content\">\n\t\t\t\t\t\t\t\t\t\t\t<h2 class=\"h3\">CONTRATAMOS COMERCIALES EN ESPA\u00d1A (ZONA CENTRO)<\/h2>\n\t\t\t\t\t\t\t\t\t\t                    \t\t\t\t\t\t<p>En Acre Mapping The Future seguimos creciendo y queremos reforzar nuestro equipo con <strong>perfiles comerciales para la Zona Centro, con base en Madrid.<\/strong><\/p>\n<p>Si te motiva la venta consultiva en entornos t\u00e9cnicos y quieres trabajar con soluciones de alto valor tecnol\u00f3gico (topograf\u00eda, drones y sistemas de medici\u00f3n), esta puede ser tu oportunidad.<\/p>\n<p>&nbsp;<\/p>\n<p>\ud83c\udfaf \u00bfQu\u00e9 buscamos?<\/p>\n<p>Experiencia comercial m\u00ednima de 2 a\u00f1os (idealmente en B2B t\u00e9cnico).<\/p>\n<p>Residencia en Madrid o alrededores.<\/p>\n<p>Perfil din\u00e1mico, orientado a resultados y con capacidad de negociaci\u00f3n.<\/p>\n<p>Disponibilidad para visitas a clientes, obras y proyectos en ejecuci\u00f3n.<\/p>\n<p>&nbsp;<\/p>\n<p>\u2b50 Se valorar\u00e1 especialmente:<\/p>\n<p>Conocimientos en topograf\u00eda, geom\u00e1tica o construcci\u00f3n.<\/p>\n<p>Manejo de CAD y tratamiento de nubes de puntos.<\/p>\n<p>Experiencia con CRM (Salesforce u otros).<\/p>\n<p>Venta de equipos t\u00e9cnicos o soluciones tecnol\u00f3gicas.<\/p>\n<p>&nbsp;<\/p>\n<p>\ud83d\ude80 \u00bfQu\u00e9 ofrecemos?<\/p>\n<p>Incorporaci\u00f3n a una empresa consolidada y referente en su sector.<\/p>\n<p>Proyecto s\u00f3lido y en expansi\u00f3n.<\/p>\n<p>Desarrollo profesional real en un entorno t\u00e9cnico especializado.<\/p>\n<p>Trabajo con tecnolog\u00eda puntera aplicada a construcci\u00f3n, obra civil e ingenier\u00eda.<\/p>\n<p>&nbsp;<\/p>\n<p>Si quieres formar parte de un equipo t\u00e9cnico-comercial con proyecci\u00f3n, env\u00edanos tu CV a <a href=\"mailto:newsletter@grupoacre.com\">newsletter@grupoacre.com<\/a><\/p>\n\t\t\t\t\t\t\t\t\t\t\n\t\t\t\t\t\n\n\n\n                <\/div>\n            <\/div>\n\t\t\t\t\t\t\t<div class=\"col-12 col-md-12 col-lg-6 col-xl-6\">\n\t\t\t\t\t\t\t\t\t\t<div class=\"responsive_image image_module\">\n\t\t\t\t\t\t\t<img decoding=\"async\" src=\"https:\/\/acre.fra1.cdn.digitaloceanspaces.com\/wp-content\/uploads\/sites\/2\/2026\/02\/18130302\/anuncios-comerciales-horizontal-900x500.png\" alt=\"\" loading=\"lazy\">\n\t\t\t\t\t\t<\/div>\n\t\t\t\t\t            <\/div>\n\t\t\t\t\t<\/div>\n\t<\/div>\n<\/section>\n\n<script type=\"text\/javascript\">\n\t(function(id) {\n\t\tlet full_video = document.querySelector(\"#\" + id + \".block_cols_text_media .responsive_video\");\n\t\tlet playButton = document.querySelector(\"#\" + id + \" #block_cols_text_media_playButton\");\n\t\tlet overlay = document.querySelector(\"#\" + id + \" #block_cols_text_media_overlay\");\n\n\t\tif(full_video) {\n\t\t\tfull_video.pause();\n\t\t\tfull_video.controls = false;\n\n\t\t\tfunction togglePlayPause() {\n\t\t\t\tif (full_video.paused) {\n\t\t\t\t\tfull_video.play();\n\t\t\t\t\tfull_video.controls = true;\n\t\t\t\t\tplayButton.classList.add('hidden');\n\t\t\t\t} else {\n\t\t\t\t\tfull_video.pause();\n\t\t\t\t\tfull_video.controls = false;\n\t\t\t\t\tplayButton.classList.remove('hidden');\n\t\t\t\t}\n\t\t\t}\n\n\t\t\tplayButton.addEventListener('click', function (event) {\n\t\t\t\tevent.stopPropagation(); \n\t\t\t\ttogglePlayPause();\n\t\t\t});\n\n\t\t\toverlay.addEventListener('click', togglePlayPause);\n\t\t\tfull_video.addEventListener('click', togglePlayPause);\n\n\t\t\tfull_video.addEventListener('ended', function () {\n\t\t\t\tplayButton.classList.remove('hidden');\n\t\t\t\tfull_video.controls = false;\n\t\t\t});\n\t\t}\n\n\t})(\"block_cols_text_media-block_b3f9f7fc8aefb5ae96760a47eb63809d\");\n\n<\/script>\n\n<\/div>","protected":false},"excerpt":{"rendered":"","protected":false},"author":7,"featured_media":0,"parent":0,"menu_order":0,"comment_status":"closed","ping_status":"closed","template":"templates\/jobs.php","meta":{"_acf_changed":false,"om_disable_all_campaigns":false,"footnotes":""},"class_list":["post-2658","page","type-page","status-publish","hentry"],"acf":[],"_links":{"self":[{"href":"https:\/\/grupoacre.com\/en\/wp-json\/wp\/v2\/pages\/2658","targetHints":{"allow":["GET"]}}],"collection":[{"href":"https:\/\/grupoacre.com\/en\/wp-json\/wp\/v2\/pages"}],"about":[{"href":"https:\/\/grupoacre.com\/en\/wp-json\/wp\/v2\/types\/page"}],"author":[{"embeddable":true,"href":"https:\/\/grupoacre.com\/en\/wp-json\/wp\/v2\/users\/7"}],"replies":[{"embeddable":true,"href":"https:\/\/grupoacre.com\/en\/wp-json\/wp\/v2\/comments?post=2658"}],"version-history":[{"count":11,"href":"https:\/\/grupoacre.com\/en\/wp-json\/wp\/v2\/pages\/2658\/revisions"}],"predecessor-version":[{"id":2811,"href":"https:\/\/grupoacre.com\/en\/wp-json\/wp\/v2\/pages\/2658\/revisions\/2811"}],"wp:attachment":[{"href":"https:\/\/grupoacre.com\/en\/wp-json\/wp\/v2\/media?parent=2658"}],"curies":[{"name":"wp","href":"https:\/\/api.w.org\/{rel}","templated":true}]}}