{"id":2244,"date":"2025-05-26T17:37:49","date_gmt":"2025-05-26T15:37:49","guid":{"rendered":"https:\/\/pro.grupoacre.com\/es\/?page_id=2244"},"modified":"2025-05-26T17:37:50","modified_gmt":"2025-05-26T15:37:50","slug":"politica-de-privacidad","status":"publish","type":"page","link":"https:\/\/grupoacre.com\/en\/politica-de-privacidad\/","title":{"rendered":"Pol\u00edtica de privacidad"},"content":{"rendered":"<div class=\"container\"><div class=\"\">\n<p class=\"p1\"><strong><span class=\"s1\">INFORMACI\u00d3N B\u00c1SICA DE PROTECCION DE DATOS DEL SITIO WEB <a href=\"http:\/\/www.grupoacre.com\"><span class=\"s2\">www.grupoacre.com<\/span><\/a><\/span><\/strong><\/p>\n<\/div><\/div>\n\n<div class=\"container\"><div class=\"\">\n<figure class=\"wp-block-table t1 privacy\"><table class=\"has-fixed-layout\"><tbody><tr><td>\n<p class=\"p1\"><span class=\"s1\">RESPONSABLE DEL TRATAMIENTO<\/span><\/p>\n<\/td><td>\n<p class=\"p1\"><span class=\"s1\">ACRE SOLUCIONES TOPOGR\u00c1FICAS ALQUILER Y VENTA S.L. &#8211; CIF B45462629<\/span><\/p>\n<\/td><\/tr><tr><td>\n<p class=\"p1\"><span class=\"s1\">FINALIDAD DE LOS TRATAMIENTOS<\/span><\/p>\n<\/td><td>\n<p class=\"p1\"><span class=\"s1\">Atender sus consultas o enviarle informaci\u00f3n relacionada con su solicitud<\/span><\/p>\n<\/td><\/tr><tr><td>\n<p class=\"p1\"><span class=\"s1\">PERIODO DE CONSERVACI\u00d3N<\/span><\/p>\n<\/td><td>\n<p class=\"p1\"><span class=\"s1\">Siempre que contin\u00fae existiendo inter\u00e9s en mantener las relaciones por ambas partes.<\/span><\/p>\n<\/td><\/tr><tr><td>\n<p class=\"p1\"><span class=\"s1\">LEGITIMACI\u00d3N<\/span><\/p>\n<\/td><td>\n<p class=\"p1\"><span class=\"s1\">Consentimiento del interesado que nos otorga al aceptar la pol\u00edtica de privacidad de la web<\/span><\/p>\n<\/td><\/tr><tr><td>\n<p class=\"p1\"><span class=\"s1\">DESTINATARIOS<\/span><\/p>\n<\/td><td>\n<p class=\"p1\"><span class=\"s1\">No se realizan cesiones de datos, salvo obligaci\u00f3n legal.<\/span><\/p>\n<\/td><\/tr><tr><td>\n<p class=\"p1\"><span class=\"s1\">DERECHOS DE LOS INTERESADOS<\/span><\/p>\n<\/td><td>\n<p class=\"p1\"><span class=\"s1\">Retirar el consentimiento, acceder, rectificar y suprimir los datos, as\u00ed como otros derechos, como se informa en la informaci\u00f3n adicional<\/span><\/p>\n<\/td><\/tr><\/tbody><\/table><\/figure>\n<\/div><\/div>\n\n<div class=\"container\"><div class=\"\">\n<p>&nbsp;<\/p>\n<\/div><\/div>\n\n<div class=\"container\"><div class=\"\">\n<p class=\"p1\"><span class=\"s1\"><b>A continuaci\u00f3n dispone de informaci\u00f3n ampliada de c\u00f3mo tratamos sus datos<\/b><\/span><\/p>\n<\/div><\/div>\n\n<div class=\"container\"><div class=\"\">\n<p>&nbsp;<\/p>\n<\/div><\/div>\n\n<div class=\"container\"><div class=\"\">\n<p class=\"p1\"><span class=\"s2\"><b>POL\u00cdTICA DE PRIVACIDAD DEL SITIO WEB <\/b><a href=\"http:\/\/www.grupoacre.com\"><b>www.grupoacre.com<\/b><\/a><\/span><\/p>\n<\/div><\/div>\n\n<div class=\"container\"><div class=\"\">\n<p class=\"p1\"><span class=\"s1\">La presente pol\u00edtica de privacidad describe las formas en la que recogemos la informaci\u00f3n, con qu\u00e9 fin la utilizamos y c\u00f3mo la gestionamos.<\/span><\/p>\n<\/div><\/div>\n\n<div class=\"container\"><div class=\"\">\n<p class=\"p1\"><span class=\"s1\">Su privacidad es importante para nosotros y le otorgamos una gran importancia, por eso deseamos expresar el m\u00e1ximo compromiso con la protecci\u00f3n de los datos personales de nuestros Usuarios. Hemos implementado las medidas t\u00e9cnicas y organizativas necesarias que indica la normativa de protecci\u00f3n de datos para asegurar la confidencialidad de sus datos, dando cumplimiento al Reglamento General de Protecci\u00f3n de Datos aprobado por la Uni\u00f3n Europea (RGPD). No obstante, no podemos asumir ninguna responsabilidad por los da\u00f1os y perjuicios derivados de alteraciones que terceros pueden causar en los sistemas inform\u00e1ticos, documentos electr\u00f3nicos o ficheros del Usuario.<\/span><\/p>\n<\/div><\/div>\n\n<div class=\"container\"><div class=\"\">\n<p>&nbsp;<\/p>\n<\/div><\/div>\n\n<div class=\"container\"><div class=\"\">\n<p class=\"p1\"><span class=\"s1\"><b>\u00bfQUI\u00c9N ES EL RESPONSABLE DEL TRATAMIENTO?<\/b><\/span><\/p>\n<\/div><\/div>\n\n<div class=\"container\"><div class=\"\">\n<p class=\"p1\"><span class=\"s1\">Le informamos que sus datos de car\u00e1cter personal ser\u00e1n tratados por ACRE SOLUCIONES TOPOGR\u00c1FICAS ALQUILER Y VENTA S.L., titular del CIF B45462629, con domicilio fiscal en POL. IND. LOS PRADILLOS, NAVE 13 &#8211; ILLESCAS 45200 (TOLEDO), n\u00famero de tel\u00e9fono 925501761, e-mail <a href=\"mailto:protecciondedatos@grupoacre.com\"><span class=\"s2\">protecciondedatos@grupoacre.com<\/span><\/a><\/span><\/p>\n<\/div><\/div>\n\n<div class=\"container\"><div class=\"\">\n<p>&nbsp;<\/p>\n<\/div><\/div>\n\n<div class=\"container\"><div class=\"\">\n<p class=\"p1\"><span class=\"s1\"><b>\u00bfCU\u00c1LES SON LAS FINALIDADES DEL TRATAMIENTO?<\/b><\/span><\/p>\n<\/div><\/div>\n\n<div class=\"container\"><div class=\"\">\n<p class=\"p1\"><span class=\"s1\">1. Para acceder a algunos de nuestros servicios, y con el objeto de <b>atender sus consultas o enviarle informaci\u00f3n relacionada con su solicitud<\/b>, puede ser necesario que obtengamos informaci\u00f3n por su parte, en tal caso, le solicitaremos que nos la proporcione voluntariamente de forma expresa. \u00danicamente debe enviarnos los datos de los que usted es titular, o bien de terceros, si es su representante legal o ha obtenido su consentimiento inequ\u00edvoco.<\/span><\/p>\n<\/div><\/div>\n\n<div class=\"container\"><div class=\"\">\n<p class=\"p1\"><span class=\"s1\">2. Cumplir con nuestras <b>obligaciones contractuales<\/b> en el caso de que usted haya decidido adquirir alguno de nuestros productos y\/o servicios, as\u00ed como realizar la gesti\u00f3n administrativa, fiscal y contable derivada de los trabajos que hemos realizado.<\/span><\/p>\n<\/div><\/div>\n\n<div class=\"container\"><div class=\"\">\n<p class=\"p1\"><span class=\"s1\">3. Siempre que usted lo desee podemos enviarle <b>informaci\u00f3n comercial peri\u00f3dicamente<\/b> de nuestros productos y\/o servicios, incluido los newsletter, o bien informaci\u00f3n de terceros con los que mantengamos colaboraciones comerciales.<\/span><\/p>\n<\/div><\/div>\n\n<div class=\"container\"><div class=\"\">\n<p class=\"p1\"><span class=\"s1\">4. Gesti\u00f3n de <b>publicaciones en Redes sociales<\/b>, en el caso de que usted decida hacerse seguidor en las redes sociales en las que tengamos perfil abierto, o bien haya otorgado su consentimiento para que se publiquen sus datos en las mismas o en nuestra web. Usted consiente que sus datos personales sean tratados en la forma en la que cada una de estas redes sociales lo permitan n funci\u00f3n de su t\u00e9cnica, as\u00ed como de sus propios t\u00e9rminos y condiciones, y no ser\u00e1n utilizadas para finalidades distintas a las revistas por las propias redes sociales y dentro de la plataforma y\/o entorno de \u00e9stas. En los siguientes enlaces puede ampliar la informaci\u00f3n:<\/span><\/p>\n<\/div><\/div>\n\n<div class=\"container\"><div class=\"\">\n<ul class=\"wp-block-list ul1\"><div class=\"container\"><div class=\"\">\n<li><span class=\"s1\">Facebook: <a href=\"https:\/\/web.archive.org\/web\/20241105182912\/https:\/\/www.facebook.com\/privacy\/policy\" target=\"_blank\" rel=\"noopener\"><span class=\"s2\">http:\/\/www.facebook.com\/policy.php?ref=pf<\/span><\/a><\/span><\/li>\n<\/div><\/div>\n\n<div class=\"container\"><div class=\"\">\n<li><span class=\"s1\">Twitter: <a href=\"https:\/\/twitter.com\/privacy\" target=\"_blank\" rel=\"noopener\"><span class=\"s2\">https:\/\/twitter.com\/privacy<\/span><\/a><\/span><\/li>\n<\/div><\/div>\n\n<div class=\"container\"><div class=\"\">\n<li><span class=\"s1\">Youtube: <a href=\"https:\/\/www.google.es\/intl\/es\/policies\/privacy\" target=\"_blank\" rel=\"noopener\"><span class=\"s2\">https:\/\/www.google.es\/intl\/es\/policies\/privacy<\/span><\/a><\/span><\/li>\n<\/div><\/div>\n\n<div class=\"container\"><div class=\"\">\n<li><span class=\"s1\">LinkedIn: <a href=\"http:\/\/www.linkedin.com\/legal\/privacy-policy\" target=\"_blank\" rel=\"noopener\"><span class=\"s2\">http:\/\/www.linkedin.com\/legal\/privacy-policy<\/span><\/a><\/span><\/li>\n<\/div><\/div>\n\n<div class=\"container\"><div class=\"\">\n<li><span class=\"s1\">Google+: <a href=\"https:\/\/www.google.com\/intl\/es_all\/+\/policy\/\" target=\"_blank\" rel=\"noopener\"><span class=\"s2\">https:\/\/www.google.com\/intl\/es_all\/+\/policy\/<\/span><\/a><\/span><\/li>\n<\/div><\/div><\/ul>\n<\/div><\/div>\n\n<div class=\"container\"><div class=\"\">\n<p>&nbsp;<\/p>\n<\/div><\/div>\n\n<div class=\"container\"><div class=\"\">\n<p class=\"p1\"><span class=\"s1\">Tambi\u00e9n consiente nuestro acceso a los datos contenidos en su perfil, a que le podamos enviar comunicaciones comerciales a trav\u00e9s de la mensajer\u00eda interna de la red social, y que un evento creado por nosotros pueda aparecer publicado en su muro. Puede dejar de seguirnos en nuestras redes sociales utilizando las herramientas que ellas mismas proporcionan. Le Informamos a cualquier interesado cuyos datos personales puedan aparecer en las redes sociales cuyo perfil tengamos abierto, la posibilidad de ejercer sus derechos conforme se especifica en el apartado DERECHOS DE LOS INTERESADOS.<\/span><\/p>\n<\/div><\/div>\n\n<div class=\"container\"><div class=\"\">\n<p>&nbsp;<\/p>\n<\/div><\/div>\n\n<div class=\"container\"><div class=\"\">\n<p class=\"p1\"><span class=\"s1\">5. Participar en los posibles procesos de selecci\u00f3n de personal que pudi\u00e9ramos realizar en el caso de que usted nos env\u00ede su curriculum vitae.<\/span><\/p>\n<\/div><\/div>\n\n<div class=\"container\"><div class=\"\">\n<p>&nbsp;<\/p>\n<\/div><\/div>\n\n<div class=\"container\"><div class=\"\">\n<p class=\"p1\"><span class=\"s1\"><b>\u00bfCU\u00c1L ES LA LEGITIMACI\u00d3N DEL TRATAMIENTO?<\/b><\/span><\/p>\n<\/div><\/div>\n\n<div class=\"container\"><div class=\"\">\n<ol class=\"wp-block-list ol1\"><div class=\"container\"><div class=\"\">\n<li><span class=\"s1\">Consentimiento del interesado que nos otorga al enviarnos sus datos y al aceptar la presente pol\u00edtica de privacidad.<\/span><\/li>\n<\/div><\/div><\/ol>\n<\/div><\/div>\n\n<div class=\"container\"><div class=\"\">\n<p class=\"p1\"><span class=\"s1\">2. Ejecuci\u00f3n del contrato suscrito en la finalidad n\u00ba 2, en las condiciones indicadas en el contrato que pudi\u00e9ramos formalizar, as\u00ed como cumplir con las obligaciones legales fiscales derivadas del contrato.<\/span><\/p>\n<\/div><\/div>\n\n<div class=\"container\"><div class=\"\">\n<p class=\"p1\"><span class=\"s1\">3. Consentimiento del interesado en la finailad n\u00ba 3 que usted nos otorga en el momento de aceptar el env\u00edo de comunicaciones comerciales.<\/span><\/p>\n<\/div><\/div>\n\n<div class=\"container\"><div class=\"\">\n<p class=\"p1\"><span class=\"s1\">4. Consentimiento del interesado en la finalidad n\u00ba 4, que usted nos otorga en el momento de aceptar la pol\u00edtica de privacidad de esta web, o bien al hacerse seguidor de alguna de nuestras p\u00e1ginas de redes sociales, o bien si obtenemos su consentimiento de manera espec\u00edfica donde nos permita publicar sus datos.<\/span><\/p>\n<\/div><\/div>\n\n<div class=\"container\"><div class=\"\">\n<p class=\"p1\"><span class=\"s1\">5. Consentimiento del interesado en la finalidad n\u00ba 5 que usted nos otorga en el momento de aceptar la pol\u00edtica de privacidad de esta web, o bien mediante formularios en papel o electr\u00f3nicos donde usted presta su consentimiento de manera espec\u00edfica. Si nos env\u00eda su curriculum por e-mail consideramos que usted nos est\u00e1 permitiendo el tratamiento del mismo, de manera que en caso de que creamos oportuno conservarlo le contestaremos por ese mismo medio de nuestra pol\u00edtica de protecci\u00f3n de datos.<\/span><\/p>\n<\/div><\/div>\n\n<div class=\"container\"><div class=\"\">\n<p>&nbsp;<\/p>\n<\/div><\/div>\n\n<div class=\"container\"><div class=\"\">\n<p class=\"p1\"><span class=\"s1\"><b>\u00bfCU\u00c1LES SON LOS CRITERIOS DE CONSERVACI\u00d3N DE LOS DATOS?<\/b><\/span><\/p>\n<\/div><\/div>\n\n<div class=\"container\"><div class=\"\">\n<p class=\"p1\"><span class=\"s1\">Conservaremos los datos durante el periodo de prescripci\u00f3n de las obligaciones legales, y entretanto contin\u00fae existiendo inter\u00e9s enmantener las relaciones por ambas partes, de manera que procederemos a la supresi\u00f3n de los mismos cuando ya no seanecesario alcanzar las finalidades que hubieran justificado el tratamiento de los mismos.<\/span><\/p>\n<\/div><\/div>\n\n<div class=\"container\"><div class=\"\">\n<p class=\"p1\"><span class=\"s1\">Los curr\u00edculos recibidos ser\u00e1n destruidos en caso de que fueran descartados de los posibles procesos de selecci\u00f3n quepudi\u00e9ramos realizar, conserv\u00e1ndolos un periodo m\u00e1ximo de un a\u00f1o.<\/span><\/p>\n<\/div><\/div>\n\n<div class=\"container\"><div class=\"\">\n<p>&nbsp;<\/p>\n<\/div><\/div>\n\n<div class=\"container\"><div class=\"\">\n<p class=\"p1\"><span class=\"s1\"><b>\u00bfC\u00d3MO DEBO ACTUALIZAR MIS DATOS PERSONALES?<\/b><\/span><\/p>\n<\/div><\/div>\n\n<div class=\"container\"><div class=\"\">\n<p class=\"p1\"><span class=\"s1\">El Usuario garantiza que los datos personales que nos ha facilitgado a trav\u00e9s de este sito web son veraces, correctos, actuales ycompletos. El Usuario deber\u00e1 comunicarnos cualquier modificaci\u00f3n o actualizaci\u00f3n de los mismos, mediante el env\u00edo de unacomunicaci\u00f3n a las direcciones postales o electr\u00f3nicas se\u00f1aladas en el apartado \u00bfd\u00f3nde puede ejercer los derechos?<\/span><\/p>\n<\/div><\/div>\n\n<div class=\"container\"><div class=\"\">\n<p>&nbsp;<\/p>\n<\/div><\/div>\n\n<div class=\"container\"><div class=\"\">\n<p class=\"p1\"><span class=\"s1\"><b>\u00bfCU\u00c1LES SON LOS DESTINATARIOS DE LA INFORMACI\u00d3N?<\/b><\/span><\/p>\n<\/div><\/div>\n\n<div class=\"container\"><div class=\"\">\n<p class=\"p1\"><span class=\"s1\">No cederemos informaci\u00f3n a terceros salvo obligaci\u00f3n legal, o bien en el caso de que usted preste su consentimiento expreso e inequ\u00edvoco.<\/span><\/p>\n<\/div><\/div>\n\n<div class=\"container\"><div class=\"\">\n<p>&nbsp;<\/p>\n<\/div><\/div>\n\n<div class=\"container\"><div class=\"\">\n<p class=\"p1\"><span class=\"s1\"><b>\u00bfEXISTEN TRANSFERENCIAS INTERNACIONALES DE DATOS?<\/b><\/span><\/p>\n<\/div><\/div>\n\n<div class=\"container\"><div class=\"\">\n<p class=\"p1\"><span class=\"s1\">Utilizamos una infraestructura virtual seg\u00fan un modelo de computaci\u00f3n en la nube con empresas adheridas al acuerdo Privacy Shield que garantiza un nivel de protecci\u00f3n de datos adecuado para la transferencia internacional de datos desde la UE a EEUU.<\/span><\/p>\n<\/div><\/div>\n\n<div class=\"container\"><div class=\"\">\n<p class=\"p1\"><span class=\"s1\">Le informamos que, al usar los servicios de algunas redes sociales, como Facebook, Twitter, Youtube, LinkedIn, Google +, Whatsapp o Instagram, se puede producir Transferencias Internacionales de datos fuera de la UE en pa\u00edses como Estados Unidos, que no gozan de nivel adecuado de protecci\u00f3n de datos, aunque sin embargo estas empresas est\u00e1n han sido incluidas dentro del marco de Privacy Shield que les permite el tratamiento de datos a ciudadanos europeos. Estas redes sociales y sus socios operan a nivel global y usan cookies para la realizaci\u00f3n de estad\u00edsticas, la personalizaci\u00f3n y los anuncios, entre otros.<\/span><\/p>\n<\/div><\/div>\n\n<div class=\"container\"><div class=\"\">\n<p class=\"p1\"><span class=\"s1\">Tenga en cuenta esta informaci\u00f3n si usted nos permite publicar en alguna ocasi\u00f3n algunos de sus datos en las redes sociales en las que tengamos un perfil abierto.<\/span><\/p>\n<\/div><\/div>\n\n<div class=\"container\"><div class=\"\">\n<p>&nbsp;<\/p>\n<\/div><\/div>\n\n<div class=\"container\"><div class=\"\">\n<p class=\"p1\"><span class=\"s1\"><b>\u00bfQU\u00c9 DERECHOS TIENEN LOS INTERESADOS?<\/b><\/span><\/p>\n<\/div><\/div>\n\n<div class=\"container\"><div class=\"\">\n<p class=\"p1\"><span class=\"s1\">Cualquier persona tiene derecho a obtener confirmaci\u00f3n sobre si estamos tratando datos personales que les conciernan, o no.<\/span><\/p>\n<\/div><\/div>\n\n<div class=\"container\"><div class=\"\">\n<p class=\"p1\"><span class=\"s1\">Las personas interesadas tienen derecho a si acceder a sus datos personales, as\u00ed como a solicitar la rectificaci\u00f3n de los datos inexactos o, en su caso, solicitar su supresi\u00f3n cuando, entre otros motivos, los datos ya no sean necesarios para los fines que fueron recogidos.<\/span><\/p>\n<\/div><\/div>\n\n<div class=\"container\"><div class=\"\">\n<p class=\"p1\"><span class=\"s1\">En determinadas circunstancias, los interesados podr\u00e1n solicitar la limitaci\u00f3n del tratamiento de sus datos, en cuyo caso \u00fanicamente los conservaremos para el ejercicio o la defensa de reclamaciones.<\/span><\/p>\n<\/div><\/div>\n\n<div class=\"container\"><div class=\"\">\n<p class=\"p1\"><span class=\"s1\">En determinadas circunstancias y por motivos relacionados con su situaci\u00f3n particular, los interesados podr\u00e1n oponerse al tratamiento de sus datos. En este caso dejaremos de tratar los datos, salvo por motivos leg\u00edtimos imperiosos, o el ejercicio o la defensa de posibles reclamaciones.<\/span><\/p>\n<\/div><\/div>\n\n<div class=\"container\"><div class=\"\">\n<p class=\"p1\"><span class=\"s1\">Tambi\u00e9n tendr\u00e1n derecho a retirar el consentimiento al tratamiento de sus datos en cualquier momento cuando la base que leg\u00edtima el mismo sea la obtenci\u00f3n del propio consentimiento del interesado.<\/span><\/p>\n<\/div><\/div>\n\n<div class=\"container\"><div class=\"\">\n<p class=\"p1\"><span class=\"s1\">Podr\u00e1n presentar una reclamaci\u00f3n ante la Autoridad de Control en materia de Protecci\u00f3n de Datos competente, como la Agencia Espa\u00f1ola de Protecci\u00f3n de datos, especialmente cuando no haya obtenido satisfacci\u00f3n en el ejercicio de sus derechos o crea que el tratamiento de datos no es adecuado con la legalidad vigente.<\/span><\/p>\n<\/div><\/div>\n\n<div class=\"container\"><div class=\"\">\n<p>&nbsp;<\/p>\n<\/div><\/div>\n\n<div class=\"container\"><div class=\"\">\n<p class=\"p1\"><span class=\"s1\"><b>\u00bfD\u00d3NDE PUEDE EJERCER LOS DERECHOS?<\/b><\/span><\/p>\n<\/div><\/div>\n\n<div class=\"container\"><div class=\"\">\n<p class=\"p1\"><span class=\"s1\">Mediante comunicaci\u00f3n escrita dirigida a ACRE SOLUCIONES TOPOGR\u00c1FICAS ALQUILER Y VENTA S.L., POL. IND. LOS PRADILLOS, NAVE 13 &#8211; ILLESCAS 45200 (TOLEDO) o bien, mediante el env\u00edo de un correo electr\u00f3nico a la direcci\u00f3n protecciondedatos@grupoacre.com, identific\u00e1ndose y concretando su solicitud aportando fotocopia del DNI o documento equivalente.<\/span><\/p>\n<\/div><\/div>\n\n<div class=\"container\"><div class=\"\">\n<p class=\"p1\"><span class=\"s1\">En las comunicaciones comerciales incluido los newsletter usted podr\u00e1 revocar el consentimiento otorgado mediante el env\u00edo de un correo electr\u00f3nico a nuestra direcci\u00f3n protecciondedatos@grupoacre.com indicando en el mensaje la frase \u201cBaja del Servicio de Comunicaciones\u201d, o bien pulsando sobre el enlace de baja si en el mensaje del correo as\u00ed se indica.<\/span><\/p>\n<\/div><\/div>\n\n<div class=\"container\"><div class=\"\">\n<p class=\"p1\"><span class=\"s1\">ACRE SOLUCIONES TOPOGR\u00c1FICAS ALQUILER Y VENTA S.L. podr\u00e1 utilizar cookies durante la prestaci\u00f3n de servicios del sitio web (ver nuestra pol\u00edtica de cookies).<\/span><\/p>\n<\/div><\/div>\n\n<div class=\"container\"><div class=\"\">\n<p>&nbsp;<\/p>\n<\/div><\/div>\n\n<div class=\"container\"><div class=\"\">\n<p class=\"p1\"><span class=\"s1\"><b>MEDIDAS DE SEGURIDAD<\/b><\/span><\/p>\n<\/div><\/div>\n\n<div class=\"container\"><div class=\"\">\n<p class=\"p1\"><span class=\"s1\">Que de conformidad con lo dispuesto en las normativas vigentes en protecci\u00f3n de datos personales, el RESPONSABLE est\u00e1 cumpliendo con todas las disposiciones del REGLAMENTO GENERAL DE PROTECCION DE DATOS (RGPD) para el tratamiento de los datos personales de su responsabilidad, y manifiestamente con los principios descritos en el art\u00edculo 5, por los cuales son tratados de manera l\u00edcita, leal y transparente en relaci\u00f3n con el interesado y adecuados, pertinentes y limitados a lo necesario en relaci\u00f3n con los fines para los que son tratados.<\/span><\/p>\n<\/div><\/div>\n\n<div class=\"container\"><div class=\"\">\n<p class=\"p1\"><span class=\"s1\">El RESPONSABLE garantiza que ha implementado pol\u00edticas t\u00e9cnicas y organizativas apropiadas para aplicar las medidas de seguridad que establecen el RGPG y la con el fin de proteger los derechos y libertades de los Usuarios y les ha comunicado la informaci\u00f3n adecuada para que puedan ejercerlos.<\/span><\/p>\n<\/div><\/div>\n\n<div class=\"container\"><div class=\"\">\n<p>&nbsp;<\/p>\n<\/div><\/div>\n\n<div class=\"container\"><div class=\"\">\n<p class=\"p1\"><span class=\"s1\"><b>ACEPTACI\u00d3N Y CONSENTIMIENTO<\/b><\/span><\/p>\n<\/div><\/div>\n\n<div class=\"container\"><div class=\"\">\n<p class=\"p1\"><span class=\"s1\">El usuario manifiesta que ha sido informado sobre nuestra pol\u00edtica de protecci\u00f3n de datos y consiente su tratamiento con las finalidades expresadas anteriormente. Se advierte que algunos de los servicios prestrados en la Web podr\u00e1n tener condiciones particulares, en tal caso se informar\u00e1 debidamente a los usuarios.<\/span><\/p>\n<\/div><\/div>\n\n<div class=\"container\"><div class=\"\">\n<p class=\"p1\"><span class=\"s1\">Entidad adaptada a las normativas de privacidad por ARCODATOS <\/span><span class=\"s3\">www.protecciondedatos.com.es www.arcodatos.com<\/span><\/p>\n<\/div><\/div>\n\n<div class=\"container\"><div class=\"\">\n<p>&nbsp;<\/p>\n<\/div><\/div>\n\n<div class=\"container\"><div class=\"\">\n<p class=\"p1\"><span class=\"s1\"><i>Fecha del documento: 25\/01\/18<\/i><\/span><\/p>\n<\/div><\/div>\n\n<div class=\"container\"><div class=\"\">\n<p>&nbsp;<\/p>\n<\/div><\/div>","protected":false},"excerpt":{"rendered":"INFORMACI\u00d3N B\u00c1SICA DE PROTECCION DE DATOS DEL SITIO WEB www.grupoacre.com RESPONSABLE DEL TRATAMIENTO ACRE SOLUCIONES TOPOGR\u00c1FICAS ALQUILER Y VENTA S.L. &#8211; CIF B45462629 FINALIDAD DE LOS TRATAMIENTOS Atender sus consultas o enviarle informaci\u00f3n relacionada con su solicitud PERIODO DE CONSERVACI\u00d3N Siempre que contin\u00fae existiendo inter\u00e9s en mantener las relaciones por ambas partes. LEGITIMACI\u00d3N Consentimiento del&#8230;","protected":false},"author":10,"featured_media":0,"parent":0,"menu_order":0,"comment_status":"closed","ping_status":"closed","template":"","meta":{"_acf_changed":false,"om_disable_all_campaigns":false,"footnotes":""},"class_list":["post-2244","page","type-page","status-publish","hentry"],"acf":[],"_links":{"self":[{"href":"https:\/\/grupoacre.com\/en\/wp-json\/wp\/v2\/pages\/2244","targetHints":{"allow":["GET"]}}],"collection":[{"href":"https:\/\/grupoacre.com\/en\/wp-json\/wp\/v2\/pages"}],"about":[{"href":"https:\/\/grupoacre.com\/en\/wp-json\/wp\/v2\/types\/page"}],"author":[{"embeddable":true,"href":"https:\/\/grupoacre.com\/en\/wp-json\/wp\/v2\/users\/10"}],"replies":[{"embeddable":true,"href":"https:\/\/grupoacre.com\/en\/wp-json\/wp\/v2\/comments?post=2244"}],"version-history":[{"count":1,"href":"https:\/\/grupoacre.com\/en\/wp-json\/wp\/v2\/pages\/2244\/revisions"}],"predecessor-version":[{"id":2245,"href":"https:\/\/grupoacre.com\/en\/wp-json\/wp\/v2\/pages\/2244\/revisions\/2245"}],"wp:attachment":[{"href":"https:\/\/grupoacre.com\/en\/wp-json\/wp\/v2\/media?parent=2244"}],"curies":[{"name":"wp","href":"https:\/\/api.w.org\/{rel}","templated":true}]}}