{"id":1637,"date":"2025-03-04T16:24:42","date_gmt":"2025-03-04T15:24:42","guid":{"rendered":"https:\/\/pro.grupoacre.com\/?page_id=1637"},"modified":"2026-01-07T12:11:08","modified_gmt":"2026-01-07T11:11:08","slug":"servicios","status":"publish","type":"page","link":"https:\/\/grupoacre.com\/en\/servicios\/","title":{"rendered":"Services"},"content":{"rendered":"<section id=\"image_cols-block_64f5d5b22a8b183a45d0d1e76173f54b\"\n    class=\"block_image_cols background-white  \">\n    <div class=\"container\">\n        <div class=\"section-title text-center \">\n            <h2>Services<\/h2>\n        <\/div>\n        <div class=\"row justify-content-center\">\n            <!--int(2116)\n-->                    <div class=\"image_cols-col col-12 col-md-6 col-lg-4 col-xl-4\">\n                        <div class=\"card text-center\">\n                                                            <div class=\"media-container\">\n                                                                            <img decoding=\"async\" src=\"https:\/\/acre.fra1.cdn.digitaloceanspaces.com\/wp-content\/uploads\/sites\/2\/2025\/05\/21161209\/mockup-noticia-web-2-900x600.jpg\"\n                                            alt=\"\"\n                                            width=\"900\"\n                                            height=\"600\" \n                                            loading=\"lazy\"\n                                            style=\"aspect-ratio: 1.5; width: 100%; height: auto; object-fit: cover; border-radius: 20px;\"\n                                            class=\"card-img-top\">\n                                                                        <\/div>\n                                                        <div class=\"card-body\">\n                                                                    <h3 class=\"card-title h5\">Online store<\/h3>\n                                                                                                    <p>Buy surveying equipment, drones, and professional technology online with fast delivery, expert advice, and a full ACRE warranty.Buy surveying equipment, drones, and professional technology online with fast delivery, expert advice, and a full ACRE warranty.<\/p>\n                                                                \n                            <\/div>\n                        <\/div>\n                    <\/div>\n                                    <!--int(1357)\n-->                    <div class=\"image_cols-col col-12 col-md-6 col-lg-4 col-xl-4\">\n                        <div class=\"card text-center\">\n                                                            <div class=\"media-container\">\n                                                                            <img decoding=\"async\" src=\"https:\/\/acre.fra1.cdn.digitaloceanspaces.com\/wp-content\/uploads\/sites\/2\/2024\/12\/19154606\/blk360-arquitectura.jpg\"\n                                            alt=\"\"\n                                            width=\"900\"\n                                            height=\"600\" \n                                            loading=\"lazy\"\n                                            style=\"aspect-ratio: 1.5; width: 100%; height: auto; object-fit: cover; border-radius: 20px;\"\n                                            class=\"card-img-top\">\n                                                                        <\/div>\n                                                        <div class=\"card-body\">\n                                                                    <h3 class=\"card-title h5\">Equipment sales<\/h3>\n                                                                                                    <p>We offer sales of surveying equipment, GNSS, drones, and sensors. Customized solutions for surveying, agriculture, and engineering.<\/p>\n                                                                \n                            <\/div>\n                        <\/div>\n                    <\/div>\n                                    <!--int(2152)\n-->                    <div class=\"image_cols-col col-12 col-md-6 col-lg-4 col-xl-4\">\n                        <div class=\"card text-center\">\n                                                            <div class=\"media-container\">\n                                                                            <img decoding=\"async\" src=\"https:\/\/acre.fra1.cdn.digitaloceanspaces.com\/wp-content\/uploads\/sites\/2\/2025\/05\/22173907\/leica-flexline-ts07-application-key-visual-300dpi-landscape-rgb-0818-900x600.jpg\"\n                                            alt=\"\"\n                                            width=\"900\"\n                                            height=\"600\" \n                                            loading=\"lazy\"\n                                            style=\"aspect-ratio: 1.5; width: 100%; height: auto; object-fit: cover; border-radius: 20px;\"\n                                            class=\"card-img-top\">\n                                                                        <\/div>\n                                                        <div class=\"card-body\">\n                                                                    <h3 class=\"card-title h5\">Equipment rental<\/h3>\n                                                                                                    <p>Rent high-precision professional equipment. Ideal for one-off projects. Maximum availability, maintenance included, and technical advice.<\/p>\n                                                                \n                            <\/div>\n                        <\/div>\n                    <\/div>\n                                    <!--int(2215)\n-->                    <div class=\"image_cols-col col-12 col-md-6 col-lg-4 col-xl-4\">\n                        <div class=\"card text-center\">\n                                                            <div class=\"media-container\">\n                                                                            <img decoding=\"async\" src=\"https:\/\/acre.fra1.cdn.digitaloceanspaces.com\/wp-content\/uploads\/sites\/2\/2025\/05\/26110153\/techservice-900x600.jpg\"\n                                            alt=\"\"\n                                            width=\"900\"\n                                            height=\"600\" \n                                            loading=\"lazy\"\n                                            style=\"aspect-ratio: 1.5; width: 100%; height: auto; object-fit: cover; border-radius: 20px;\"\n                                            class=\"card-img-top\">\n                                                                        <\/div>\n                                                        <div class=\"card-body\">\n                                                                    <h3 class=\"card-title h5\">Technical service<\/h3>\n                                                                                                    <p>We repair and calibrate your equipment with certified technicians. Official service, original spare parts, and guaranteed fast response.<\/p>\n                                                                \n                            <\/div>\n                        <\/div>\n                    <\/div>\n                                    <!--int(2039)\n-->                    <div class=\"image_cols-col col-12 col-md-6 col-lg-4 col-xl-4\">\n                        <div class=\"card text-center\">\n                                                            <div class=\"media-container\">\n                                                                            <img decoding=\"async\" src=\"https:\/\/acre.fra1.cdn.digitaloceanspaces.com\/wp-content\/uploads\/sites\/2\/2025\/05\/19124237\/engineer-manager-man-discuss-with-his-team-who-hol-2025-03-05-02-49-45-utc-900x600.jpg\"\n                                            alt=\"\"\n                                            width=\"900\"\n                                            height=\"600\" \n                                            loading=\"lazy\"\n                                            style=\"aspect-ratio: 1.5; width: 100%; height: auto; object-fit: cover; border-radius: 20px;\"\n                                            class=\"card-img-top\">\n                                                                        <\/div>\n                                                        <div class=\"card-body\">\n                                                                    <h3 class=\"card-title h5\">Surveying services<\/h3>\n                                                                                                    <p>Realizamos levantamientos topogr\u00e1ficos con estaciones totales, esc\u00e1ner 3D y drones. Precisi\u00f3n y experiencia en todo tipo de proyectos.<\/p>\n                                                                \n                            <\/div>\n                        <\/div>\n                    <\/div>\n                                    <!--int(1656)\n-->                    <div class=\"image_cols-col col-12 col-md-6 col-lg-4 col-xl-4\">\n                        <div class=\"card text-center\">\n                                                            <div class=\"media-container\">\n                                                                            <img decoding=\"async\" src=\"https:\/\/acre.fra1.cdn.digitaloceanspaces.com\/wp-content\/uploads\/sites\/2\/2025\/03\/04172502\/dron-dji-matrice-4-900x600.jpg\"\n                                            alt=\"\"\n                                            width=\"900\"\n                                            height=\"600\" \n                                            loading=\"lazy\"\n                                            style=\"aspect-ratio: 1.5; width: 100%; height: auto; object-fit: cover; border-radius: 20px;\"\n                                            class=\"card-img-top\">\n                                                                        <\/div>\n                                                        <div class=\"card-body\">\n                                                                    <h3 class=\"card-title h5\">Aeronautical consulting<\/h3>\n                                                                                                    <p>We advise on UAS regulations, AESA registrations, and drone operations. Legal and technical safety for your professional flights.<\/p>\n                                                                \n                            <\/div>\n                        <\/div>\n                    <\/div>\n                                    <!--int(2149)\n-->                    <div class=\"image_cols-col col-12 col-md-6 col-lg-4 col-xl-4\">\n                        <div class=\"card text-center\">\n                                                            <div class=\"media-container\">\n                                                                            <img decoding=\"async\" src=\"https:\/\/acre.fra1.cdn.digitaloceanspaces.com\/wp-content\/uploads\/sites\/2\/2025\/05\/22173801\/tecnicos-900x600.jpg\"\n                                            alt=\"\"\n                                            width=\"900\"\n                                            height=\"600\" \n                                            loading=\"lazy\"\n                                            style=\"aspect-ratio: 1.5; width: 100%; height: auto; object-fit: cover; border-radius: 20px;\"\n                                            class=\"card-img-top\">\n                                                                        <\/div>\n                                                        <div class=\"card-body\">\n                                                                    <h3 class=\"card-title h5\">Training<\/h3>\n                                                                                                    <p>We offer technical courses on surveying, GNSS, and specialized software. We also offer the DJI ACRE Academy, with official training from DJI Enterprise.<\/p>\n                                                                \n                            <\/div>\n                        <\/div>\n                    <\/div>\n                                    <!--int(612)\n-->                    <div class=\"image_cols-col col-12 col-md-6 col-lg-4 col-xl-4\">\n                        <div class=\"card text-center\">\n                                                            <div class=\"media-container\">\n                                                                            <img decoding=\"async\" src=\"https:\/\/acre.fra1.cdn.digitaloceanspaces.com\/wp-content\/uploads\/sites\/2\/2024\/12\/13135008\/maxresdefault-900x600.jpg\"\n                                            alt=\"\"\n                                            width=\"900\"\n                                            height=\"600\" \n                                            loading=\"lazy\"\n                                            style=\"aspect-ratio: 1.5; width: 100%; height: auto; object-fit: cover; border-radius: 20px;\"\n                                            class=\"card-img-top\">\n                                                                        <\/div>\n                                                        <div class=\"card-body\">\n                                                                    <h3 class=\"card-title h5\">Renting<\/h3>\n                                                                                                    <p>We offer technology renting with fixed payments and no initial investment. Equipment is always up to date and support for surveying and geolocation is included.<\/p>\n                                                                \n                            <\/div>\n                        <\/div>\n                    <\/div>\n                                                        <\/div>\n    <\/div>\n<\/section>\n\n<script type=\"text\/javascript\">\n    (function (id) {\n        let full_videos = document.querySelectorAll(\"video.responsive_video\");\n        if (full_videos.length > 0) {\n            full_videos.forEach(function (full_video) {\n                let videoId = full_video.id.replace('video-', '');\n                let playButton = document.querySelector(\"#\" + id + \" #playButton-\" + videoId);\n                let overlay = document.querySelector(\"#\" + id + \" #overlay-\" + videoId);\n                if (typeof full_video.pause === 'function') {\n                    full_video.pause();\n                    full_video.controls = false;\n                    function togglePlayPause() {\n                        if (full_video.paused) {\n                            full_video.play();\n                            full_video.controls = true;\n                            if (playButton) playButton.classList.add('hidden');\n                        } else {\n                            full_video.pause();\n                            full_video.controls = false;\n                            if (playButton) playButton.classList.remove('hidden');\n                        }\n                    }\n                    if (playButton) {\n                        playButton.addEventListener('click', function (event) {\n                            event.stopPropagation();\n                            togglePlayPause();\n                        });\n                    }\n                    if (overlay) {\n                        overlay.addEventListener('click', togglePlayPause);\n                    }\n                    full_video.addEventListener('click', togglePlayPause);\n                    full_video.addEventListener('ended', function () {\n                        if (playButton) playButton.classList.remove('hidden');\n                        full_video.controls = false;\n                    });\n                }\n            });\n        }\n    })(\"image_cols-block_64f5d5b22a8b183a45d0d1e76173f54b\");\n<\/script>\n\n\n\n\n\n\n<section id=\"block_full_bg_text-block_6c69ac58bddcfb413596490ff2b1cb2b\" class=\"block_full_bg_text section full_bg_text  background-white d-flex    no-top-padding \" >\n    \n\n        <div class=\"container  d-flex  text_white\">\n\n\n            <div class=\"card-container d-flex text-center align-items-center justify-content-center  background-blue\" >\n            \n\n\n        <div class=\"row  justify-content-center\">\n        <div class=\"col-12 col-md-12 col-lg-10 col-xl-8 col-xxl-8\">\n                        <h2>Commitment to excellence and customer satisfaction<\/h2>\n                                    <p>These services reflect our commitment to excellence and customer satisfaction, providing comprehensive solutions ranging from initial consultation to after-sales support.<\/p>\n                            \n    \n        <\/div>\n            <\/div>\n        <\/div>\n\n    <\/div>\n<\/section>","protected":false},"excerpt":{"rendered":"","protected":false},"author":1,"featured_media":0,"parent":0,"menu_order":0,"comment_status":"closed","ping_status":"closed","template":"templates\/default-slider.php","meta":{"_acf_changed":false,"om_disable_all_campaigns":false,"footnotes":""},"class_list":["post-1637","page","type-page","status-publish","hentry"],"acf":[],"_links":{"self":[{"href":"https:\/\/grupoacre.com\/en\/wp-json\/wp\/v2\/pages\/1637","targetHints":{"allow":["GET"]}}],"collection":[{"href":"https:\/\/grupoacre.com\/en\/wp-json\/wp\/v2\/pages"}],"about":[{"href":"https:\/\/grupoacre.com\/en\/wp-json\/wp\/v2\/types\/page"}],"author":[{"embeddable":true,"href":"https:\/\/grupoacre.com\/en\/wp-json\/wp\/v2\/users\/1"}],"replies":[{"embeddable":true,"href":"https:\/\/grupoacre.com\/en\/wp-json\/wp\/v2\/comments?post=1637"}],"version-history":[{"count":30,"href":"https:\/\/grupoacre.com\/en\/wp-json\/wp\/v2\/pages\/1637\/revisions"}],"predecessor-version":[{"id":2646,"href":"https:\/\/grupoacre.com\/en\/wp-json\/wp\/v2\/pages\/1637\/revisions\/2646"}],"wp:attachment":[{"href":"https:\/\/grupoacre.com\/en\/wp-json\/wp\/v2\/media?parent=1637"}],"curies":[{"name":"wp","href":"https:\/\/api.w.org\/{rel}","templated":true}]}}